{"id":7499,"date":"2025-05-16T17:42:57","date_gmt":"2025-05-16T20:42:57","guid":{"rendered":"https:\/\/sbdesigner.com.br\/?post_type=product&#038;p=7499"},"modified":"2025-11-09T09:30:56","modified_gmt":"2025-11-09T12:30:56","slug":"mini-bloquinho","status":"publish","type":"product","link":"https:\/\/sbdesigner.com.br\/index.php\/product\/mini-bloquinho\/","title":{"rendered":"Bloquinho Mini"},"content":{"rendered":"<p style=\"text-align: left;\"><strong>DESCRI\u00c7\u00c3O DO PRODUTO \u2661<\/strong><\/p>\n<p><em><strong>Hotstamping:<\/strong><\/em><br \/>\nCapa: Couche fosco 180g<br \/>\nHotstamping: Frente<\/p>\n<p>25 bloquinhos sai a R$ 9,50 a unidade via pix<br \/>\n50 bloquinhos sai a R$ 7,98 a unidade via pix<\/p>\n<p><em><strong>Verniz total:<\/strong><\/em><br \/>\nCapa: Glossy 230g<br \/>\nLamina\u00e7\u00e3o brilho<\/p>\n<p>25 bloquinhos sai a R$ 9,31 a unidade via pix<br \/>\n50 bloquinhos sai a R$ 7,77 a unidade via pix<\/p>\n<p>&#8212;&#8212;&#8212;<br \/>\nMiolo: Papel Sulfite, 75g<br \/>\n80 folhas sem pauta (160 p\u00e1ginas)<br \/>\nTamanho aprox: 8,5X8,5cm<br \/>\nWire-o : Branco ou bronze. (Colocaremos o que estiver dispon\u00edvel)<\/p>\n<p>&nbsp;<\/p>\n<p><strong>PROCESSO DE CRIA\u00c7\u00c3O \u2661<\/strong><\/p>\n<blockquote><p><em><strong>IMPORTANTE:<\/strong> \u00c9 necess\u00e1rio que o cliente possua um logotipo edit\u00e1vel para a cria\u00e7\u00e3o deste produto nos formatos: Illustrator ou EPS. N\u00e3o aceitamos em JPEG (imagem). Caso o cliente n\u00e3o possua um logotipo e tenha interesse em criar um, ele pode ir na categoria de &#8220;Identidade Visual&#8221; do nosso site e conferir os nossos pacotes.<\/em><\/p><\/blockquote>\n<p><strong>Cores:<\/strong> As cores de impress\u00e3o podem variar dependendo do tipo de papel, impressora e computador. N\u00e3o garantimos fidelidade de cores em nenhuma hip\u00f3tese. Os impressos poder\u00e3o apresentar varia\u00e7\u00e3o de intensidade e tonalidade das cores, em rela\u00e7\u00e3o ao monitor ou \u00e0 prova impressa, bem como em rela\u00e7\u00e3o \u00e0s reimpress\u00f5es.<\/p>\n<p><strong>PRAZO \u2661<\/strong><\/p>\n<p>4 dias \u00fateis para a elabora\u00e7\u00e3o da arte e envio para o cliente aprovar +at\u00e9 18 dias \u00fateis para a produ\u00e7\u00e3o do material (caso tenha altera\u00e7\u00f5es por parte do cliente o prazo pode aumentar) + prazo do transporte para entrega.<\/p>\n","protected":false},"excerpt":{"rendered":"<p>DESCRI\u00c7\u00c3O DO PRODUTO \u2661 Hotstamping: Capa: Couche fosco 180g Hotstamping: Frente 25 bloquinhos sai a R$ 9,50 a unidade via pix 50 bloquinhos sai a R$ 7,98 a unidade via pix Verniz total: Capa: Glossy 230g Lamina\u00e7\u00e3o brilho 25 bloquinhos sai a R$ 9,31 a unidade via pix 50 bloquinhos sai a R$ 7,77 a [&hellip;]<\/p>\n","protected":false},"featured_media":7597,"template":"","meta":{"site-sidebar-layout":"default","site-content-layout":"default","ast-site-content-layout":"default","site-content-style":"default","site-sidebar-style":"default","ast-global-header-display":"","ast-banner-title-visibility":"","ast-main-header-display":"","ast-hfb-above-header-display":"","ast-hfb-below-header-display":"","ast-hfb-mobile-header-display":"","site-post-title":"","ast-breadcrumbs-content":"","ast-featured-img":"","footer-sml-layout":"","theme-transparent-header-meta":"default","adv-header-id-meta":"","stick-header-meta":"","header-above-stick-meta":"","header-main-stick-meta":"","header-below-stick-meta":"","astra-migrate-meta-layouts":"set","ast-page-background-enabled":"default","ast-page-background-meta":{"desktop":{"background-color":"","background-image":"","background-repeat":"repeat","background-position":"center center","background-size":"auto","background-attachment":"scroll","background-type":"","background-media":"","overlay-type":"","overlay-color":"","overlay-opacity":"","overlay-gradient":""},"tablet":{"background-color":"","background-image":"","background-repeat":"repeat","background-position":"center center","background-size":"auto","background-attachment":"scroll","background-type":"","background-media":"","overlay-type":"","overlay-color":"","overlay-opacity":"","overlay-gradient":""},"mobile":{"background-color":"","background-image":"","background-repeat":"repeat","background-position":"center center","background-size":"auto","background-attachment":"scroll","background-type":"","background-media":"","overlay-type":"","overlay-color":"","overlay-opacity":"","overlay-gradient":""}},"ast-content-background-meta":{"desktop":{"background-color":"var(--ast-global-color-5)","background-image":"","background-repeat":"repeat","background-position":"center center","background-size":"auto","background-attachment":"scroll","background-type":"","background-media":"","overlay-type":"","overlay-color":"","overlay-opacity":"","overlay-gradient":""},"tablet":{"background-color":"var(--ast-global-color-5)","background-image":"","background-repeat":"repeat","background-position":"center center","background-size":"auto","background-attachment":"scroll","background-type":"","background-media":"","overlay-type":"","overlay-color":"","overlay-opacity":"","overlay-gradient":""},"mobile":{"background-color":"var(--ast-global-color-5)","background-image":"","background-repeat":"repeat","background-position":"center center","background-size":"auto","background-attachment":"scroll","background-type":"","background-media":"","overlay-type":"","overlay-color":"","overlay-opacity":"","overlay-gradient":""}}},"product_brand":[],"product_cat":[46,62],"product_tag":[97,99,98,234,187,425,235,424,423,186,53,365,366,100,155,224,68,367,447],"class_list":{"0":"post-7499","1":"product","2":"type-product","3":"status-publish","4":"has-post-thumbnail","6":"product_cat-brindes","7":"product_cat-encardenacao","8":"product_tag-bloco","9":"product_tag-bloco-de-notas","10":"product_tag-bloco-destacavel","11":"product_tag-bloco-personalizado","12":"product_tag-bloquinho","13":"product_tag-bloquinho-8x8-cm","14":"product_tag-bloquinho-cursos","15":"product_tag-bloquinho-hot-stamping","16":"product_tag-bloquinho-hotstamping","17":"product_tag-bloquinho-personalizado","18":"product_tag-brindes","19":"product_tag-caderneta","20":"product_tag-cadernetinha","21":"product_tag-checklist","22":"product_tag-curso","23":"product_tag-cursos","24":"product_tag-encadernacao","25":"product_tag-material-para-curso","26":"product_tag-mini-bloquinho","27":"product_shipping_class-entrega-fisica-brasil","28":"desktop-align-left","29":"tablet-align-left","30":"mobile-align-left","32":"first","33":"instock","34":"taxable","35":"shipping-taxable","36":"purchasable","37":"product-type-variable"},"_links":{"self":[{"href":"https:\/\/sbdesigner.com.br\/index.php\/wp-json\/wp\/v2\/product\/7499","targetHints":{"allow":["GET"]}}],"collection":[{"href":"https:\/\/sbdesigner.com.br\/index.php\/wp-json\/wp\/v2\/product"}],"about":[{"href":"https:\/\/sbdesigner.com.br\/index.php\/wp-json\/wp\/v2\/types\/product"}],"version-history":[{"count":10,"href":"https:\/\/sbdesigner.com.br\/index.php\/wp-json\/wp\/v2\/product\/7499\/revisions"}],"predecessor-version":[{"id":7637,"href":"https:\/\/sbdesigner.com.br\/index.php\/wp-json\/wp\/v2\/product\/7499\/revisions\/7637"}],"wp:featuredmedia":[{"embeddable":true,"href":"https:\/\/sbdesigner.com.br\/index.php\/wp-json\/wp\/v2\/media\/7597"}],"wp:attachment":[{"href":"https:\/\/sbdesigner.com.br\/index.php\/wp-json\/wp\/v2\/media?parent=7499"}],"wp:term":[{"taxonomy":"product_brand","embeddable":true,"href":"https:\/\/sbdesigner.com.br\/index.php\/wp-json\/wp\/v2\/product_brand?post=7499"},{"taxonomy":"product_cat","embeddable":true,"href":"https:\/\/sbdesigner.com.br\/index.php\/wp-json\/wp\/v2\/product_cat?post=7499"},{"taxonomy":"product_tag","embeddable":true,"href":"https:\/\/sbdesigner.com.br\/index.php\/wp-json\/wp\/v2\/product_tag?post=7499"}],"curies":[{"name":"wp","href":"https:\/\/api.w.org\/{rel}","templated":true}]}}