{"id":7456,"date":"2025-04-15T17:28:15","date_gmt":"2025-04-15T20:28:15","guid":{"rendered":"https:\/\/sbdesigner.com.br\/?post_type=product&#038;p=7456"},"modified":"2026-04-18T11:22:40","modified_gmt":"2026-04-18T14:22:40","slug":"kit-livro-do-bebe-caderneta-da-saude","status":"publish","type":"product","link":"https:\/\/sbdesigner.com.br\/index.php\/product\/kit-livro-do-bebe-caderneta-da-saude\/","title":{"rendered":"Kit Livro do Beb\u00ea + Caderneta da Sa\u00fade"},"content":{"rendered":"<p><strong>DESCRI\u00c7\u00c3O DO PRODUTO \u2661<\/strong><\/p>\n<p>Caderneta da Sa\u00fade:<br \/>\nCapa Dura personalizada<br \/>\nPapel Sulfite: Gramatura 90g<br \/>\nTamanho: A5 ( 14,8x21cm )<\/p>\n<p>INFORMA\u00c7\u00d5ES DO MIOLO:<br \/>\n&#8211; 5 folhas para anota\u00e7\u00e3o de consulta<br \/>\n&#8211; 5 folhas para anota\u00e7\u00f5es.<br \/>\n&#8211; Caderneta da Crian\u00e7a oficial do Minist\u00e9rio da Sa\u00fade (vers\u00e3o mais atualizada)<\/p>\n<p>&#8212;&#8212;&#8212;&#8212;&#8212;&#8212;&#8212;&#8212;&#8212;&#8212;&#8212;-<\/p>\n<p>Livro do Beb\u00ea:<br \/>\nCapa Dura personalizada<br \/>\nPapel Sulfite: Gramatura 180g<br \/>\nTamanho: A5 ( 14,8x21cm )<\/p>\n<p>INFORMA\u00c7\u00d5ES DO MIOLO:<br \/>\n&#8211; 96 p\u00e1ginas<br \/>\n&#8211; Antes de voc\u00ea chegar<br \/>\n&#8211; Sobre seus pais<br \/>\n&#8211; A descoberta<br \/>\n&#8211; A hist\u00f3ria do nome<br \/>\n&#8211; Na barriga da mam\u00e3e<br \/>\n&#8211; Nascimento<br \/>\n&#8211; Com quem se parece<br \/>\n&#8211; M\u00e3ozinhas e p\u00e9zinhos<br \/>\n&#8211; Primeiras visitas<br \/>\n&#8211; Primeiro banho<br \/>\n&#8211; Primeiro sorriso<br \/>\n&#8211; Primeiro passeio<br \/>\n&#8211; Comecei a engatinhar<br \/>\n&#8211; Primeiros passinhos<br \/>\n&#8211; Primeiros momentos<br \/>\n&#8211; Primeira palavrinha<br \/>\n&#8211; Primeiro dentinho<br \/>\n&#8211; Momento especial<br \/>\n&#8211; Meus mesvers\u00e1rios<\/p>\n<p>&#8212;&#8212;&#8212;&#8212;&#8212;&#8212;&#8212;&#8212;&#8212;&#8212;&#8212;&#8211;<\/p>\n<p>Miolo: Padr\u00e3o<br \/>\nWire-o: Branco ou bronze. Colocaremos o que combinar ou estiver dispon\u00edvel, n\u00e3o \u00e9 poss\u00edvel escolher.<br \/>\nEl\u00e1stico: Colocaremos o que combinar. N\u00e3o \u00e9 poss\u00edvel escolher.<br \/>\nAcabamento Hologr\u00e1fico: Colocaremos o que estiver dispon\u00edvel, seja ele caquinhos ou confete.<\/p>\n<p>&nbsp;<\/p>\n<p><strong>PROCESSO DE CRIA\u00c7\u00c3O \u2661<\/strong><\/p>\n<p><strong>Cores:<\/strong> As cores de impress\u00e3o podem variar dependendo do tipo de papel, impressora e computador. N\u00e3o garantimos fidelidade de cores em nenhuma hip\u00f3tese. Os impressos poder\u00e3o apresentar varia\u00e7\u00e3o de intensidade e tonalidade das cores, em rela\u00e7\u00e3o ao monitor ou \u00e0 prova impressa, bem como em rela\u00e7\u00e3o \u00e0s reimpress\u00f5es.<\/p>\n<p><strong>PRAZO \u2661<\/strong><\/p>\n<p>4 dias \u00fateis para a elabora\u00e7\u00e3o da arte e envio para o cliente aprovar + 10 \u00e0 15 dias \u00fateis para a produ\u00e7\u00e3o do material (caso tenha altera\u00e7\u00f5es por parte do cliente o prazo pode aumentar) + prazo do transporte para entrega.<\/p>\n","protected":false},"excerpt":{"rendered":"<p>DESCRI\u00c7\u00c3O DO PRODUTO \u2661 Caderneta da Sa\u00fade: Capa Dura personalizada Papel Sulfite: Gramatura 90g Tamanho: A5 ( 14,8x21cm ) INFORMA\u00c7\u00d5ES DO MIOLO: &#8211; 5 folhas para anota\u00e7\u00e3o de consulta &#8211; 5 folhas para anota\u00e7\u00f5es. &#8211; Caderneta da Crian\u00e7a oficial do Minist\u00e9rio da Sa\u00fade (vers\u00e3o mais atualizada) &#8212;&#8212;&#8212;&#8212;&#8212;&#8212;&#8212;&#8212;&#8212;&#8212;&#8212;- Livro do Beb\u00ea: Capa Dura personalizada Papel Sulfite: [&hellip;]<\/p>\n","protected":false},"featured_media":7451,"template":"","meta":{"site-sidebar-layout":"default","site-content-layout":"default","ast-site-content-layout":"default","site-content-style":"default","site-sidebar-style":"default","ast-global-header-display":"","ast-banner-title-visibility":"","ast-main-header-display":"","ast-hfb-above-header-display":"","ast-hfb-below-header-display":"","ast-hfb-mobile-header-display":"","site-post-title":"","ast-breadcrumbs-content":"","ast-featured-img":"","footer-sml-layout":"","theme-transparent-header-meta":"default","adv-header-id-meta":"","stick-header-meta":"","header-above-stick-meta":"","header-main-stick-meta":"","header-below-stick-meta":"","astra-migrate-meta-layouts":"set","ast-page-background-enabled":"default","ast-page-background-meta":{"desktop":{"background-color":"","background-image":"","background-repeat":"repeat","background-position":"center center","background-size":"auto","background-attachment":"scroll","background-type":"","background-media":"","overlay-type":"","overlay-color":"","overlay-opacity":"","overlay-gradient":""},"tablet":{"background-color":"","background-image":"","background-repeat":"repeat","background-position":"center center","background-size":"auto","background-attachment":"scroll","background-type":"","background-media":"","overlay-type":"","overlay-color":"","overlay-opacity":"","overlay-gradient":""},"mobile":{"background-color":"","background-image":"","background-repeat":"repeat","background-position":"center center","background-size":"auto","background-attachment":"scroll","background-type":"","background-media":"","overlay-type":"","overlay-color":"","overlay-opacity":"","overlay-gradient":""}},"ast-content-background-meta":{"desktop":{"background-color":"var(--ast-global-color-5)","background-image":"","background-repeat":"repeat","background-position":"center center","background-size":"auto","background-attachment":"scroll","background-type":"","background-media":"","overlay-type":"","overlay-color":"","overlay-opacity":"","overlay-gradient":""},"tablet":{"background-color":"var(--ast-global-color-5)","background-image":"","background-repeat":"repeat","background-position":"center center","background-size":"auto","background-attachment":"scroll","background-type":"","background-media":"","overlay-type":"","overlay-color":"","overlay-opacity":"","overlay-gradient":""},"mobile":{"background-color":"var(--ast-global-color-5)","background-image":"","background-repeat":"repeat","background-position":"center center","background-size":"auto","background-attachment":"scroll","background-type":"","background-media":"","overlay-type":"","overlay-color":"","overlay-opacity":"","overlay-gradient":""}}},"product_brand":[],"product_cat":[15,430],"product_tag":[72,73,409,267,269,410,412,411,415,406,268],"class_list":{"0":"post-7456","1":"product","2":"type-product","3":"status-publish","4":"has-post-thumbnail","6":"product_cat-uncategorized","7":"product_cat-sb-affetive","8":"product_tag-baby","9":"product_tag-bebe","10":"product_tag-caderneta-bebe","11":"product_tag-caderneta-de-vacinacao","12":"product_tag-caderneta-do-bebe","13":"product_tag-encadernacao-sb-affetive","14":"product_tag-kit-bebe","15":"product_tag-livro-do-bebe","16":"product_tag-maternidade","17":"product_tag-sb-affetive","18":"product_tag-vacinacao","19":"product_shipping_class-entrega-fisica-brasil","20":"desktop-align-left","21":"tablet-align-left","22":"mobile-align-left","24":"first","25":"instock","26":"taxable","27":"shipping-taxable","28":"purchasable","29":"product-type-variable"},"_links":{"self":[{"href":"https:\/\/sbdesigner.com.br\/index.php\/wp-json\/wp\/v2\/product\/7456","targetHints":{"allow":["GET"]}}],"collection":[{"href":"https:\/\/sbdesigner.com.br\/index.php\/wp-json\/wp\/v2\/product"}],"about":[{"href":"https:\/\/sbdesigner.com.br\/index.php\/wp-json\/wp\/v2\/types\/product"}],"version-history":[{"count":4,"href":"https:\/\/sbdesigner.com.br\/index.php\/wp-json\/wp\/v2\/product\/7456\/revisions"}],"predecessor-version":[{"id":7461,"href":"https:\/\/sbdesigner.com.br\/index.php\/wp-json\/wp\/v2\/product\/7456\/revisions\/7461"}],"wp:featuredmedia":[{"embeddable":true,"href":"https:\/\/sbdesigner.com.br\/index.php\/wp-json\/wp\/v2\/media\/7451"}],"wp:attachment":[{"href":"https:\/\/sbdesigner.com.br\/index.php\/wp-json\/wp\/v2\/media?parent=7456"}],"wp:term":[{"taxonomy":"product_brand","embeddable":true,"href":"https:\/\/sbdesigner.com.br\/index.php\/wp-json\/wp\/v2\/product_brand?post=7456"},{"taxonomy":"product_cat","embeddable":true,"href":"https:\/\/sbdesigner.com.br\/index.php\/wp-json\/wp\/v2\/product_cat?post=7456"},{"taxonomy":"product_tag","embeddable":true,"href":"https:\/\/sbdesigner.com.br\/index.php\/wp-json\/wp\/v2\/product_tag?post=7456"}],"curies":[{"name":"wp","href":"https:\/\/api.w.org\/{rel}","templated":true}]}}