{"id":7335,"date":"2025-02-17T12:21:56","date_gmt":"2025-02-17T15:21:56","guid":{"rendered":"https:\/\/sbdesigner.com.br\/?post_type=product&#038;p=7335"},"modified":"2026-01-16T16:55:26","modified_gmt":"2026-01-16T19:55:26","slug":"id-visual-plus","status":"publish","type":"product","link":"https:\/\/sbdesigner.com.br\/index.php\/product\/id-visual-plus\/","title":{"rendered":"ID Visual | Ouro"},"content":{"rendered":"<p><strong>Identidade Visual\u00a0<\/strong><\/p>\n<p><strong>Itens inclusos no pacote:<\/strong><\/p>\n<ul>\n<li>Logotipo<\/li>\n<li>Submarca<\/li>\n<li>Varia\u00e7\u00f5es de Cor<\/li>\n<li>6 Marcas D\u2019\u00e1gua<\/li>\n<li>Tipografia<\/li>\n<li>Paleta de Cores<\/li>\n<\/ul>\n<p><strong>O que significa cada item do pacote de Identidade Visual?<\/strong><\/p>\n<ul>\n<li><em><strong>Logotipo:<\/strong><\/em> \u00c9 a representa\u00e7\u00e3o gr\u00e1fica do nome de uma empresa, institui\u00e7\u00e3o, produto, marca, entre outros. Entre elas podem ser Tipografia e S\u00edmbolo.<\/li>\n<li><em><strong>Submarca:<\/strong><\/em> S\u00e3o marcas secund\u00e1rias que est\u00e3o em menor visibilidade em rela\u00e7\u00e3o \u00e0 marca principal, geralmente s\u00e3o aquelas circulares. As submarcas s\u00e3o valiosas para empresas com nomes de marcas longas, pois podem exibir facilmente um design simples e condensado, sem falar que o profissional tem mais varia\u00e7\u00f5es ao usar a sua marca.<\/li>\n<li><em><strong>Marca D\u2019\u00e1gua:<\/strong><\/em> \u00c9 o logotipo ou submarca, sobreposto em uma imagem com o fundo transparente. Assim, se torna poss\u00edvel visualizar a sua presen\u00e7a sem interromper ou impedir a vis\u00e3o da imagem na qual voc\u00ea protege. A ideia de colocar uma marca d&#8217;\u00e1gua em suas fotos, \u00e9 evitar que outras pessoas usem a sua imagem sem autoriza\u00e7\u00e3o.<\/li>\n<li><em><strong>Tipografia e Paleta de cores:<\/strong><\/em> S\u00e3o as fontes e c\u00f3digo de cores utilizados no projeto. Para que assim, possa ser seguido o padr\u00e3o da identidade visual em posts, sacolas, papelaria, entre outros.<\/li>\n<\/ul>\n<p><strong>Processo de Cria\u00e7\u00e3o<\/strong><\/p>\n<ul>\n<li><em>\u00c9 necess\u00e1rio o agendamento?<\/em><br \/>\nSim! Trabalhamos sob agendamento, data para iniciar o projeto e data para entregar.<br \/>\n(Agende a data atrav\u00e9s do WhatsApp, ap\u00f3s a confirma\u00e7\u00e3o do pagamento. Para consulta de data dispon\u00edvel, por favor entrar em contato para verifica\u00e7\u00e3o.) Esteja ciente que, a data s\u00f3 \u00e9 realmente agendada, ap\u00f3s a confirma\u00e7\u00e3o do pagamento. Favor, enviar o comprovante de pagamento via WhatsApp.<\/li>\n<\/ul>\n<p><strong>Como funciona?<\/strong><br \/>\nAp\u00f3s o cliente fazer a compra pelo site e confirmar o pagamento, n\u00f3s agendamos a data para iniciar o projeto e enviamos o briefing (que \u00e9 um question\u00e1rio). Com base nas respostas, n\u00f3s desenvolvemos o projeto. Ap\u00f3s desenvolvido, enviaremos para que o cliente analise e aprove. Caso n\u00e3o aprove de primeira e solicite altera\u00e7\u00e3o, n\u00f3s faremos as altera\u00e7\u00f5es solicitadas e enviaremos novamente. Ap\u00f3s o projeto ser aprovado, enviamos todos os arquivos via e-mail.<\/p>\n<p><strong>Pode fazer altera\u00e7\u00f5es?<\/strong><br \/>\nPode sim! Podem ser feitas at\u00e9 6 altera\u00e7\u00f5es (Como cores, posi\u00e7\u00e3o, detalhes&#8230;) Caso o cliente mude as informa\u00e7\u00f5es descritas no formul\u00e1rio respondido ap\u00f3s o in\u00edcio do projeto, cobramos uma TAXA ADICIONAL no valor R$ 30,00.<\/p>\n<blockquote><p><em><strong>(\u00c9 muito importante responder o briefing detalhadamente, para que possamos entregar de acordo com o que voc\u00ea almeja.)<\/strong><\/em><\/p><\/blockquote>\n<p><strong>Quais as formas de envio?<\/strong><br \/>\n<em>Os arquivos ser\u00e3o entregues nos formatos: JPEG, PNG (Fundo transparente), PDF e AI (edit\u00e1vel) via e-mail.<\/em><\/p>\n<p><strong>Prazo<br \/>\n<\/strong>Prazo de entrega: de 10 \u00e0 15 dias \u00fateis, ap\u00f3s a data agendada para iniciar. Caso ocorra altera\u00e7\u00e3o por parte do cliente o prazo \u00e9 alterado.<\/p>\n","protected":false},"excerpt":{"rendered":"<p>Identidade Visual\u00a0 Itens inclusos no pacote: Logotipo Submarca Varia\u00e7\u00f5es de Cor 6 Marcas D\u2019\u00e1gua Tipografia Paleta de Cores O que significa cada item do pacote de Identidade Visual? Logotipo: \u00c9 a representa\u00e7\u00e3o gr\u00e1fica do nome de uma empresa, institui\u00e7\u00e3o, produto, marca, entre outros. Entre elas podem ser Tipografia e S\u00edmbolo. Submarca: S\u00e3o marcas secund\u00e1rias que [&hellip;]<\/p>\n","protected":false},"featured_media":7406,"template":"","meta":{"site-sidebar-layout":"default","site-content-layout":"default","ast-site-content-layout":"default","site-content-style":"default","site-sidebar-style":"default","ast-global-header-display":"","ast-banner-title-visibility":"","ast-main-header-display":"","ast-hfb-above-header-display":"","ast-hfb-below-header-display":"","ast-hfb-mobile-header-display":"","site-post-title":"","ast-breadcrumbs-content":"","ast-featured-img":"","footer-sml-layout":"","theme-transparent-header-meta":"default","adv-header-id-meta":"","stick-header-meta":"","header-above-stick-meta":"","header-main-stick-meta":"","header-below-stick-meta":"","astra-migrate-meta-layouts":"set","ast-page-background-enabled":"default","ast-page-background-meta":{"desktop":{"background-color":"","background-image":"","background-repeat":"repeat","background-position":"center center","background-size":"auto","background-attachment":"scroll","background-type":"","background-media":"","overlay-type":"","overlay-color":"","overlay-opacity":"","overlay-gradient":""},"tablet":{"background-color":"","background-image":"","background-repeat":"repeat","background-position":"center center","background-size":"auto","background-attachment":"scroll","background-type":"","background-media":"","overlay-type":"","overlay-color":"","overlay-opacity":"","overlay-gradient":""},"mobile":{"background-color":"","background-image":"","background-repeat":"repeat","background-position":"center center","background-size":"auto","background-attachment":"scroll","background-type":"","background-media":"","overlay-type":"","overlay-color":"","overlay-opacity":"","overlay-gradient":""}},"ast-content-background-meta":{"desktop":{"background-color":"var(--ast-global-color-5)","background-image":"","background-repeat":"repeat","background-position":"center center","background-size":"auto","background-attachment":"scroll","background-type":"","background-media":"","overlay-type":"","overlay-color":"","overlay-opacity":"","overlay-gradient":""},"tablet":{"background-color":"var(--ast-global-color-5)","background-image":"","background-repeat":"repeat","background-position":"center center","background-size":"auto","background-attachment":"scroll","background-type":"","background-media":"","overlay-type":"","overlay-color":"","overlay-opacity":"","overlay-gradient":""},"mobile":{"background-color":"var(--ast-global-color-5)","background-image":"","background-repeat":"repeat","background-position":"center center","background-size":"auto","background-attachment":"scroll","background-type":"","background-media":"","overlay-type":"","overlay-color":"","overlay-opacity":"","overlay-gradient":""}}},"product_brand":[],"product_cat":[38],"product_tag":[262,40,123,183,122,184],"class_list":{"0":"post-7335","1":"product","2":"type-product","3":"status-publish","4":"has-post-thumbnail","6":"product_cat-identidade-visual","7":"product_tag-id-visual","8":"product_tag-identidade-visual","9":"product_tag-logo","10":"product_tag-logomarca","11":"product_tag-logotipo","12":"product_tag-marca","13":"desktop-align-left","14":"tablet-align-left","15":"mobile-align-left","17":"first","18":"instock","19":"virtual","20":"taxable","21":"purchasable","22":"product-type-simple"},"_links":{"self":[{"href":"https:\/\/sbdesigner.com.br\/index.php\/wp-json\/wp\/v2\/product\/7335","targetHints":{"allow":["GET"]}}],"collection":[{"href":"https:\/\/sbdesigner.com.br\/index.php\/wp-json\/wp\/v2\/product"}],"about":[{"href":"https:\/\/sbdesigner.com.br\/index.php\/wp-json\/wp\/v2\/types\/product"}],"version-history":[{"count":2,"href":"https:\/\/sbdesigner.com.br\/index.php\/wp-json\/wp\/v2\/product\/7335\/revisions"}],"predecessor-version":[{"id":7785,"href":"https:\/\/sbdesigner.com.br\/index.php\/wp-json\/wp\/v2\/product\/7335\/revisions\/7785"}],"wp:featuredmedia":[{"embeddable":true,"href":"https:\/\/sbdesigner.com.br\/index.php\/wp-json\/wp\/v2\/media\/7406"}],"wp:attachment":[{"href":"https:\/\/sbdesigner.com.br\/index.php\/wp-json\/wp\/v2\/media?parent=7335"}],"wp:term":[{"taxonomy":"product_brand","embeddable":true,"href":"https:\/\/sbdesigner.com.br\/index.php\/wp-json\/wp\/v2\/product_brand?post=7335"},{"taxonomy":"product_cat","embeddable":true,"href":"https:\/\/sbdesigner.com.br\/index.php\/wp-json\/wp\/v2\/product_cat?post=7335"},{"taxonomy":"product_tag","embeddable":true,"href":"https:\/\/sbdesigner.com.br\/index.php\/wp-json\/wp\/v2\/product_tag?post=7335"}],"curies":[{"name":"wp","href":"https:\/\/api.w.org\/{rel}","templated":true}]}}