{"id":7318,"date":"2025-02-15T20:12:36","date_gmt":"2025-02-15T23:12:36","guid":{"rendered":"https:\/\/sbdesigner.com.br\/?post_type=product&#038;p=7318"},"modified":"2025-12-23T10:00:59","modified_gmt":"2025-12-23T13:00:59","slug":"kit-bronze","status":"publish","type":"product","link":"https:\/\/sbdesigner.com.br\/index.php\/product\/kit-bronze\/","title":{"rendered":"Kit Bronze"},"content":{"rendered":"<p><strong style=\"font-size: 16px;\">DESCRI\u00c7\u00c3O DO PRODUTO \u2661<\/strong><\/p>\n<p>Cada Kit comp\u00f5e:<\/p>\n<ul>\n<li>Cadernetinha de capa mole personalizada com lamina\u00e7\u00e3o em verniz total. 40 folhas sem pauta de 75g, tamanho aprox:\u00a0 10x15cm. (O pingente pompom coloremos o que tiver dispon\u00edvel e combinar com a paleta de cores do cliente. Sendo assim, caso n\u00e3o tenha nenhum pompom em estoque, n\u00e3o colocaremos o mesmo.)<\/li>\n<li>1 Copo de Caf\u00e9 (consultar as cores dispon\u00edveis)<\/li>\n<li>1 Caneta (consultar as cores dispon\u00edveis da parte de cima)<\/li>\n<\/ul>\n<p><strong>*Obs: Pagamento via pix possui 5% de desconto<br \/>\nCada kit sai a aprox R$ 34,91 a unidade via pix<\/strong><\/p>\n<p>&nbsp;<\/p>\n<p><strong>PROCESSO DE CRIA\u00c7\u00c3O \u2661<\/strong><\/p>\n<p><em><strong>IMPORTANTE:<\/strong>\u00a0Caso seja para inserir o Logotipo, \u00e9 necess\u00e1rio que o cliente possua o logo edit\u00e1vel para a cria\u00e7\u00e3o desse produto nos formatos: Illustrator ou EPS. N\u00e3o aceitamos em JPEG (imagem). Caso o cliente n\u00e3o possua um logotipo e tenha interesse em criar um, ele pode ir na categoria de \u201cIdentidade Visual\u201d do nosso site e conferir os nossos pacotes. Apenas com efeito metalizado que conseguimos o fundo com cor escura, por\u00e9m \u00e9 necess\u00e1rio verificar antes da compra, pois n\u00e3o \u00e9 em todos os casos que conseguimos produzir com efeito metalizado.<\/em><\/p>\n<p><strong>Cores:<\/strong>\u00a0As cores de impress\u00e3o podem variar dependendo do tipo de papel, impressora e computador. N\u00e3o garantimos fidelidade de cores em nenhuma hip\u00f3tese. Os impressos poder\u00e3o apresentar varia\u00e7\u00e3o de intensidade e tonalidade das cores, em rela\u00e7\u00e3o ao monitor ou \u00e0 prova impressa, bem como em rela\u00e7\u00e3o \u00e0s reeimpress\u00f5es.<\/p>\n<p><em><strong>Obs importante:<\/strong><br \/>\n\u2013 N\u00e3o \u00e9 poss\u00edvel comprar uma quantidade e dividir ela. Exemplo: Voc\u00ea comprar 10 unidades e fazer 5 de cada arte, o valor estabelecido neste produto \u00e9 referente \u00e0 uma tiragem por arte. Caso voc\u00ea queira 2 artes diferentes \u00e9 necess\u00e1rio comprar 2x unidades, ou seja : 10 e 10.<br \/>\n\u2013 Em caso de d\u00favidas ou mais informa\u00e7\u00f5es, n\u00e3o deixe de entrar em contato conosco atrav\u00e9s do nosso WhatsApp.<br \/>\n<\/em><\/p>\n<p><strong>PRAZO \u2661<\/strong><\/p>\n<p>4 dias \u00fateis para a elabora\u00e7\u00e3o da arte e envio para o cliente aprovar (caso tenha altera\u00e7\u00f5es por parte do cliente o prazo pode aumentar) + 10 \u00e0 15 dias \u00fateis para a produ\u00e7\u00e3o do material\u00a0 + prazo do transporte para entrega.<\/p>\n<p><strong>ENTREGA \u2661<\/strong><\/p>\n<ul>\n<li>Nosso motoboy. (Dependendo da quantidade desejada n\u00e3o \u00e9 poss\u00edvel o mesmo entregar, ter\u00e1 que ser feita a retirada do pedido ou solicitar um uber carro flash.<\/li>\n<li>Correios (Sedex ou Pac).<\/li>\n<li><strong>Ressaltamos que\u00a0<\/strong>os Correios \u00e9 uma empresa terceirizada, assim como a Uber.\u00a0<strong>N\u00e3o \u00e9 responsabilidade da SB sob nenhuma hip\u00f3tese<\/strong>, tais bem como atrasos, extravios, n\u00e3o recebimento do destinat\u00e1rio, danos, greve, entre outros. Pois s\u00e3o entregas feitas por terceiros.<\/li>\n<li>Ao prosseguir com o pedido voc\u00ea declara estar de acordo com todas as informa\u00e7\u00f5es passadas acima.<\/li>\n<\/ul>\n","protected":false},"excerpt":{"rendered":"<p>DESCRI\u00c7\u00c3O DO PRODUTO \u2661 Cada Kit comp\u00f5e: Cadernetinha de capa mole personalizada com lamina\u00e7\u00e3o em verniz total. 40 folhas sem pauta de 75g, tamanho aprox:\u00a0 10x15cm. (O pingente pompom coloremos o que tiver dispon\u00edvel e combinar com a paleta de cores do cliente. Sendo assim, caso n\u00e3o tenha nenhum pompom em estoque, n\u00e3o colocaremos o [&hellip;]<\/p>\n","protected":false},"featured_media":7324,"template":"","meta":{"site-sidebar-layout":"default","site-content-layout":"default","ast-site-content-layout":"default","site-content-style":"default","site-sidebar-style":"default","ast-global-header-display":"","ast-banner-title-visibility":"","ast-main-header-display":"","ast-hfb-above-header-display":"","ast-hfb-below-header-display":"","ast-hfb-mobile-header-display":"","site-post-title":"","ast-breadcrumbs-content":"","ast-featured-img":"","footer-sml-layout":"","theme-transparent-header-meta":"default","adv-header-id-meta":"","stick-header-meta":"","header-above-stick-meta":"","header-main-stick-meta":"","header-below-stick-meta":"","astra-migrate-meta-layouts":"set","ast-page-background-enabled":"default","ast-page-background-meta":{"desktop":{"background-color":"","background-image":"","background-repeat":"repeat","background-position":"center center","background-size":"auto","background-attachment":"scroll","background-type":"","background-media":"","overlay-type":"","overlay-color":"","overlay-opacity":"","overlay-gradient":""},"tablet":{"background-color":"","background-image":"","background-repeat":"repeat","background-position":"center center","background-size":"auto","background-attachment":"scroll","background-type":"","background-media":"","overlay-type":"","overlay-color":"","overlay-opacity":"","overlay-gradient":""},"mobile":{"background-color":"","background-image":"","background-repeat":"repeat","background-position":"center center","background-size":"auto","background-attachment":"scroll","background-type":"","background-media":"","overlay-type":"","overlay-color":"","overlay-opacity":"","overlay-gradient":""}},"ast-content-background-meta":{"desktop":{"background-color":"var(--ast-global-color-5)","background-image":"","background-repeat":"repeat","background-position":"center center","background-size":"auto","background-attachment":"scroll","background-type":"","background-media":"","overlay-type":"","overlay-color":"","overlay-opacity":"","overlay-gradient":""},"tablet":{"background-color":"var(--ast-global-color-5)","background-image":"","background-repeat":"repeat","background-position":"center center","background-size":"auto","background-attachment":"scroll","background-type":"","background-media":"","overlay-type":"","overlay-color":"","overlay-opacity":"","overlay-gradient":""},"mobile":{"background-color":"var(--ast-global-color-5)","background-image":"","background-repeat":"repeat","background-position":"center center","background-size":"auto","background-attachment":"scroll","background-type":"","background-media":"","overlay-type":"","overlay-color":"","overlay-opacity":"","overlay-gradient":""}}},"product_brand":[],"product_cat":[46,37],"product_tag":[151,53,272,275,155,113,284,154,289,227,287,288,285,286,498],"class_list":{"0":"post-7318","1":"product","2":"type-product","3":"status-publish","4":"has-post-thumbnail","6":"product_cat-brindes","7":"product_cat-papelaria-personalizada","8":"product_tag-brinde","9":"product_tag-brindes","10":"product_tag-copo","11":"product_tag-copo-cafe","12":"product_tag-curso","13":"product_tag-kit","14":"product_tag-kit-apoio-curso","15":"product_tag-kit-curso","16":"product_tag-kit-cursos","17":"product_tag-kit-de-apoio","18":"product_tag-kit-de-apoio-curso","19":"product_tag-kit-de-apoio-para-curso","20":"product_tag-kit-de-curso","21":"product_tag-kit-para-curso","22":"product_tag-kits","23":"product_shipping_class-entrega-fisica-brasil","24":"desktop-align-left","25":"tablet-align-left","26":"mobile-align-left","28":"first","29":"instock","30":"taxable","31":"shipping-taxable","32":"purchasable","33":"product-type-variable"},"_links":{"self":[{"href":"https:\/\/sbdesigner.com.br\/index.php\/wp-json\/wp\/v2\/product\/7318","targetHints":{"allow":["GET"]}}],"collection":[{"href":"https:\/\/sbdesigner.com.br\/index.php\/wp-json\/wp\/v2\/product"}],"about":[{"href":"https:\/\/sbdesigner.com.br\/index.php\/wp-json\/wp\/v2\/types\/product"}],"version-history":[{"count":8,"href":"https:\/\/sbdesigner.com.br\/index.php\/wp-json\/wp\/v2\/product\/7318\/revisions"}],"predecessor-version":[{"id":7809,"href":"https:\/\/sbdesigner.com.br\/index.php\/wp-json\/wp\/v2\/product\/7318\/revisions\/7809"}],"wp:featuredmedia":[{"embeddable":true,"href":"https:\/\/sbdesigner.com.br\/index.php\/wp-json\/wp\/v2\/media\/7324"}],"wp:attachment":[{"href":"https:\/\/sbdesigner.com.br\/index.php\/wp-json\/wp\/v2\/media?parent=7318"}],"wp:term":[{"taxonomy":"product_brand","embeddable":true,"href":"https:\/\/sbdesigner.com.br\/index.php\/wp-json\/wp\/v2\/product_brand?post=7318"},{"taxonomy":"product_cat","embeddable":true,"href":"https:\/\/sbdesigner.com.br\/index.php\/wp-json\/wp\/v2\/product_cat?post=7318"},{"taxonomy":"product_tag","embeddable":true,"href":"https:\/\/sbdesigner.com.br\/index.php\/wp-json\/wp\/v2\/product_tag?post=7318"}],"curies":[{"name":"wp","href":"https:\/\/api.w.org\/{rel}","templated":true}]}}