{"id":6119,"date":"2023-01-02T18:21:07","date_gmt":"2023-01-02T21:21:07","guid":{"rendered":"https:\/\/sbdesigner.com.br\/?post_type=product&#038;p=6119"},"modified":"2025-10-09T16:30:35","modified_gmt":"2025-10-09T19:30:35","slug":"copo","status":"publish","type":"product","link":"https:\/\/sbdesigner.com.br\/index.php\/product\/copo\/","title":{"rendered":"Copo com la\u00e7o"},"content":{"rendered":"<p><strong>*Verificar cores dispon\u00edveis<\/strong><\/p>\n<p><strong>DESCRI\u00c7\u00c3O DO PRODUTO \u2661<\/strong><\/p>\n<p>Material da personaliza\u00e7\u00e3o: Vinil adesivo<br \/>\nCopo: 300ml<\/p>\n<p><strong>PROCESSO DE CRIA\u00c7\u00c3O \u2661<\/strong><\/p>\n<blockquote><p><em><strong>IMPORTANTE:<\/strong> Caso seja para inserir o Logotipo, \u00e9 necess\u00e1rio que o cliente possua o logo edit\u00e1vel para a cria\u00e7\u00e3o desse produto nos formatos: Illustrator ou EPS. N\u00e3o aceitamos em JPEG (imagem). Caso o cliente n\u00e3o possua um logotipo e tenha interesse em criar um, ele pode ir na categoria de \u201cIdentidade Visual\u201d do nosso site e conferir os nossos pacotes. Aplica\u00e7\u00e3o do vinil com efeito metalizado: \u00c9 necess\u00e1rio verificar antes da compra, pois n\u00e3o \u00e9 em todos os casos que conseguimos produzir com efeito metalizado.<\/em><\/p><\/blockquote>\n<p><strong>PRAZO \u2661<\/strong><\/p>\n<p>3 dias \u00fateis para a elabora\u00e7\u00e3o da arte e envio para o cliente aprovar + 5 a 12 dias \u00fateis para a produ\u00e7\u00e3o do material (caso tenha altera\u00e7\u00f5es por parte do cliente e dependendo da quantidade o prazo pode aumentar) + prazo do transporte para entrega.<\/p>\n","protected":false},"excerpt":{"rendered":"<p>*Verificar cores dispon\u00edveis DESCRI\u00c7\u00c3O DO PRODUTO \u2661 Material da personaliza\u00e7\u00e3o: Vinil adesivo Copo: 300ml PROCESSO DE CRIA\u00c7\u00c3O \u2661 IMPORTANTE: Caso seja para inserir o Logotipo, \u00e9 necess\u00e1rio que o cliente possua o logo edit\u00e1vel para a cria\u00e7\u00e3o desse produto nos formatos: Illustrator ou EPS. N\u00e3o aceitamos em JPEG (imagem). Caso o cliente n\u00e3o possua um [&hellip;]<\/p>\n","protected":false},"featured_media":7242,"template":"","meta":{"site-sidebar-layout":"default","site-content-layout":"default","ast-site-content-layout":"default","site-content-style":"default","site-sidebar-style":"default","ast-global-header-display":"","ast-banner-title-visibility":"","ast-main-header-display":"","ast-hfb-above-header-display":"","ast-hfb-below-header-display":"","ast-hfb-mobile-header-display":"","site-post-title":"","ast-breadcrumbs-content":"","ast-featured-img":"","footer-sml-layout":"","theme-transparent-header-meta":"default","adv-header-id-meta":"","stick-header-meta":"","header-above-stick-meta":"","header-main-stick-meta":"","header-below-stick-meta":"","astra-migrate-meta-layouts":"set","ast-page-background-enabled":"default","ast-page-background-meta":{"desktop":{"background-color":"","background-image":"","background-repeat":"repeat","background-position":"center center","background-size":"auto","background-attachment":"scroll","background-type":"","background-media":"","overlay-type":"","overlay-color":"","overlay-opacity":"","overlay-gradient":""},"tablet":{"background-color":"","background-image":"","background-repeat":"repeat","background-position":"center center","background-size":"auto","background-attachment":"scroll","background-type":"","background-media":"","overlay-type":"","overlay-color":"","overlay-opacity":"","overlay-gradient":""},"mobile":{"background-color":"","background-image":"","background-repeat":"repeat","background-position":"center center","background-size":"auto","background-attachment":"scroll","background-type":"","background-media":"","overlay-type":"","overlay-color":"","overlay-opacity":"","overlay-gradient":""}},"ast-content-background-meta":{"desktop":{"background-color":"var(--ast-global-color-5)","background-image":"","background-repeat":"repeat","background-position":"center center","background-size":"auto","background-attachment":"scroll","background-type":"","background-media":"","overlay-type":"","overlay-color":"","overlay-opacity":"","overlay-gradient":""},"tablet":{"background-color":"var(--ast-global-color-5)","background-image":"","background-repeat":"repeat","background-position":"center center","background-size":"auto","background-attachment":"scroll","background-type":"","background-media":"","overlay-type":"","overlay-color":"","overlay-opacity":"","overlay-gradient":""},"mobile":{"background-color":"var(--ast-global-color-5)","background-image":"","background-repeat":"repeat","background-position":"center center","background-size":"auto","background-attachment":"scroll","background-type":"","background-media":"","overlay-type":"","overlay-color":"","overlay-opacity":"","overlay-gradient":""}}},"product_brand":[],"product_cat":[46],"product_tag":[151,53,272,273,275,283,274,302,276,277,155,282],"class_list":{"0":"post-6119","1":"product","2":"type-product","3":"status-publish","4":"has-post-thumbnail","6":"product_cat-brindes","7":"product_tag-brinde","8":"product_tag-brindes","9":"product_tag-copo","10":"product_tag-copo-bucks","11":"product_tag-copo-cafe","12":"product_tag-copo-long-drink","13":"product_tag-copo-personalizado","14":"product_tag-copo-twistter","15":"product_tag-copos","16":"product_tag-copos-personalizados","17":"product_tag-curso","18":"product_tag-long-drink","19":"product_shipping_class-entrega-fisica-brasil","20":"desktop-align-left","21":"tablet-align-left","22":"mobile-align-left","24":"first","25":"instock","26":"taxable","27":"shipping-taxable","28":"purchasable","29":"product-type-simple"},"_links":{"self":[{"href":"https:\/\/sbdesigner.com.br\/index.php\/wp-json\/wp\/v2\/product\/6119","targetHints":{"allow":["GET"]}}],"collection":[{"href":"https:\/\/sbdesigner.com.br\/index.php\/wp-json\/wp\/v2\/product"}],"about":[{"href":"https:\/\/sbdesigner.com.br\/index.php\/wp-json\/wp\/v2\/types\/product"}],"version-history":[{"count":4,"href":"https:\/\/sbdesigner.com.br\/index.php\/wp-json\/wp\/v2\/product\/6119\/revisions"}],"predecessor-version":[{"id":7260,"href":"https:\/\/sbdesigner.com.br\/index.php\/wp-json\/wp\/v2\/product\/6119\/revisions\/7260"}],"wp:featuredmedia":[{"embeddable":true,"href":"https:\/\/sbdesigner.com.br\/index.php\/wp-json\/wp\/v2\/media\/7242"}],"wp:attachment":[{"href":"https:\/\/sbdesigner.com.br\/index.php\/wp-json\/wp\/v2\/media?parent=6119"}],"wp:term":[{"taxonomy":"product_brand","embeddable":true,"href":"https:\/\/sbdesigner.com.br\/index.php\/wp-json\/wp\/v2\/product_brand?post=6119"},{"taxonomy":"product_cat","embeddable":true,"href":"https:\/\/sbdesigner.com.br\/index.php\/wp-json\/wp\/v2\/product_cat?post=6119"},{"taxonomy":"product_tag","embeddable":true,"href":"https:\/\/sbdesigner.com.br\/index.php\/wp-json\/wp\/v2\/product_tag?post=6119"}],"curies":[{"name":"wp","href":"https:\/\/api.w.org\/{rel}","templated":true}]}}