{"id":5795,"date":"2022-08-24T09:57:04","date_gmt":"2022-08-24T12:57:04","guid":{"rendered":"https:\/\/sbdesigner.com.br\/?post_type=product&#038;p=5795"},"modified":"2026-04-08T13:56:19","modified_gmt":"2026-04-08T16:56:19","slug":"caixinha-semijoias","status":"publish","type":"product","link":"https:\/\/sbdesigner.com.br\/index.php\/product\/caixinha-semijoias\/","title":{"rendered":"Caixinha | Semijoias"},"content":{"rendered":"<p>Tamanho aprox da Caixa: 2,5cm de altura, 7,5 cm de largura e 8 cm de comprimento<\/p>\n<p>DESCRI\u00c7\u00c3O DO PRODUTO \u2661<\/p>\n<p>Caixa Clara: Papel: Offset 180g<br \/>\nCaixa Escura: Color plus 180g + aplica\u00e7\u00e3o no vinil metalizado. (Apenas na tampa). Obs: Letras pequenas ou finas demais n\u00e3o \u00e9 poss\u00edvel fazer esse efeito. Para saber se \u00e9 poss\u00edvel utilizar o seu logotipo, pedimos que entre em contato conosco atrav\u00e9s do WhatsApp e envie o mesmo, para que possamos verificar antes da compra ser efetuada.<\/p>\n<p><strong>*Obs: Pagamento via pix possui 5% de desconto<\/strong><\/p>\n<p>A unid sai aprox:<br \/>\nCor clara R$ 5,90 via pix<br \/>\nCor escura R$ 6,90 via pix<\/p>\n<p><strong>&#8212;&#8212;&#8212;&#8212;&#8212;&#8212;&#8212;&#8212;&#8212;&#8212;&#8212;&#8212;&#8212;&#8212;&#8212;&#8212;&#8212;&#8212;&#8212;&#8212;&#8212;&#8212;&#8212;&#8212;&#8212;&#8212;&#8212;&#8212;&#8212;&#8212;&#8212;&#8212;&#8212;&#8212;&#8212;&#8212;&#8212;-<\/strong><\/p>\n<p><strong>PROCESSO DE CRIA\u00c7\u00c3O \u2661<\/strong><\/p>\n<p><em style=\"font-size: 16px;\"><strong>IMPORTANTE:<\/strong> Caso seja para inserir o Logotipo, \u00e9 necess\u00e1rio que o cliente possua o logo edit\u00e1vel para a cria\u00e7\u00e3o desse produto nos formatos: Illustrator ou EPS. N\u00e3o aceitamos em JPEG (imagem). Caso o cliente n\u00e3o possua um logotipo e tenha interesse em criar um, ele pode ir na categoria de &#8220;Identidade Visual&#8221; do nosso site e conferir os nossos pacotes. Apenas com efeito metalizado que conseguimos o fundo com cor escura, por\u00e9m \u00e9 necess\u00e1rio verificar antes da compra, pois n\u00e3o \u00e9 em todos os casos que conseguimos produzir com efeito metalizado.<\/em><\/p>\n<p><strong>Cores:<\/strong> As cores de impress\u00e3o podem variar dependendo do tipo de papel, impressora e computador. N\u00e3o garantimos fidelidade de cores em nenhuma hip\u00f3tese. Os impressos poder\u00e3o apresentar varia\u00e7\u00e3o de intensidade e tonalidade das cores, em rela\u00e7\u00e3o ao monitor ou \u00e0 prova impressa, bem como em rela\u00e7\u00e3o \u00e0s reeimpress\u00f5es.<\/p>\n<p><em><strong>Obs importante:<\/strong><br \/>\n&#8211; N\u00e3o \u00e9 poss\u00edvel comprar uma quantidade e dividir ela. Exemplo: Voc\u00ea comprar 10 unidades e fazer 5 de cada arte, o valor estabelecido neste produto \u00e9 referente \u00e0 uma tiragem por arte. Caso voc\u00ea queira 2 artes diferentes \u00e9 necess\u00e1rio comprar 2x unidades, ou seja : 10 e 10.<br \/>\n<\/em><\/p>\n<p><strong>PRAZO \u2661<\/strong><\/p>\n<p>4 dias \u00fateis para a elabora\u00e7\u00e3o da arte e envio para o cliente aprovar (caso tenha altera\u00e7\u00f5es por parte do cliente o prazo pode aumentar) + 10 \u00e0 15 dias \u00fateis para a produ\u00e7\u00e3o do material\u00a0 + prazo do transporte para entrega.<\/p>\n<p><strong>ENTREGA \u2661<\/strong><\/p>\n<ul>\n<li>Voc\u00ea pode clicar na op\u00e7\u00e3o de retirada e vim retirar ou ent\u00e3o solicitar um Uber.<\/li>\n<li>Correios (Sedex ou Pac).<\/li>\n<li><strong>Ressaltamos que <\/strong>os Correios \u00e9 uma empresa terceirizada, assim como a Uber. <strong>N\u00e3o \u00e9 responsabilidade da SB sob nenhuma hip\u00f3tese<\/strong>, tais bem como atrasos, extravios, n\u00e3o recebimento do destinat\u00e1rio, danos, greve, entre outros. Pois s\u00e3o entregas feitas por terceiros.<\/li>\n<li>Ao prosseguir com o pedido voc\u00ea declara estar de acordo com todas as informa\u00e7\u00f5es passadas acima.<\/li>\n<\/ul>\n","protected":false},"excerpt":{"rendered":"<p>Tamanho aprox da Caixa: 2,5cm de altura, 7,5 cm de largura e 8 cm de comprimento DESCRI\u00c7\u00c3O DO PRODUTO \u2661 Caixa Clara: Papel: Offset 180g Caixa Escura: Color plus 180g + aplica\u00e7\u00e3o no vinil metalizado. (Apenas na tampa). Obs: Letras pequenas ou finas demais n\u00e3o \u00e9 poss\u00edvel fazer esse efeito. Para saber se \u00e9 poss\u00edvel [&hellip;]<\/p>\n","protected":false},"featured_media":6175,"template":"","meta":{"site-sidebar-layout":"default","site-content-layout":"default","ast-site-content-layout":"default","site-content-style":"default","site-sidebar-style":"default","ast-global-header-display":"","ast-banner-title-visibility":"","ast-main-header-display":"","ast-hfb-above-header-display":"","ast-hfb-below-header-display":"","ast-hfb-mobile-header-display":"","site-post-title":"","ast-breadcrumbs-content":"","ast-featured-img":"","footer-sml-layout":"","theme-transparent-header-meta":"default","adv-header-id-meta":"","stick-header-meta":"","header-above-stick-meta":"","header-main-stick-meta":"","header-below-stick-meta":"","astra-migrate-meta-layouts":"set","ast-page-background-enabled":"default","ast-page-background-meta":{"desktop":{"background-color":"","background-image":"","background-repeat":"repeat","background-position":"center center","background-size":"auto","background-attachment":"scroll","background-type":"","background-media":"","overlay-type":"","overlay-color":"","overlay-opacity":"","overlay-gradient":""},"tablet":{"background-color":"","background-image":"","background-repeat":"repeat","background-position":"center center","background-size":"auto","background-attachment":"scroll","background-type":"","background-media":"","overlay-type":"","overlay-color":"","overlay-opacity":"","overlay-gradient":""},"mobile":{"background-color":"","background-image":"","background-repeat":"repeat","background-position":"center center","background-size":"auto","background-attachment":"scroll","background-type":"","background-media":"","overlay-type":"","overlay-color":"","overlay-opacity":"","overlay-gradient":""}},"ast-content-background-meta":{"desktop":{"background-color":"var(--ast-global-color-5)","background-image":"","background-repeat":"repeat","background-position":"center center","background-size":"auto","background-attachment":"scroll","background-type":"","background-media":"","overlay-type":"","overlay-color":"","overlay-opacity":"","overlay-gradient":""},"tablet":{"background-color":"var(--ast-global-color-5)","background-image":"","background-repeat":"repeat","background-position":"center center","background-size":"auto","background-attachment":"scroll","background-type":"","background-media":"","overlay-type":"","overlay-color":"","overlay-opacity":"","overlay-gradient":""},"mobile":{"background-color":"var(--ast-global-color-5)","background-image":"","background-repeat":"repeat","background-position":"center center","background-size":"auto","background-attachment":"scroll","background-type":"","background-media":"","overlay-type":"","overlay-color":"","overlay-opacity":"","overlay-gradient":""}}},"product_brand":[],"product_cat":[37],"product_tag":[221,91,135,279,280,220,360,278,219,281,130,133,218,222,132,223,90,134,153,88],"class_list":{"0":"post-5795","1":"product","2":"type-product","3":"status-publish","4":"has-post-thumbnail","6":"product_cat-papelaria-personalizada","7":"product_tag-acessorios","8":"product_tag-bijuteria","9":"product_tag-caixa","10":"product_tag-caixa-biju","11":"product_tag-caixa-bijuteria","12":"product_tag-caixa-joias","13":"product_tag-caixa-para-semijoias","14":"product_tag-caixa-semijoias","15":"product_tag-caixinha","16":"product_tag-caixinha-semijoias","17":"product_tag-embalagem","18":"product_tag-embalagem-bijuteria","19":"product_tag-embalagem-joias","20":"product_tag-embalagem-prata","21":"product_tag-embalagem-semijoias","22":"product_tag-joias","23":"product_tag-prata","24":"product_tag-sacola","25":"product_tag-sacolas","26":"product_tag-semijoias","27":"product_shipping_class-entrega-fisica-brasil","28":"desktop-align-left","29":"tablet-align-left","30":"mobile-align-left","32":"first","33":"instock","34":"taxable","35":"shipping-taxable","36":"purchasable","37":"product-type-variable"},"_links":{"self":[{"href":"https:\/\/sbdesigner.com.br\/index.php\/wp-json\/wp\/v2\/product\/5795","targetHints":{"allow":["GET"]}}],"collection":[{"href":"https:\/\/sbdesigner.com.br\/index.php\/wp-json\/wp\/v2\/product"}],"about":[{"href":"https:\/\/sbdesigner.com.br\/index.php\/wp-json\/wp\/v2\/types\/product"}],"version-history":[{"count":14,"href":"https:\/\/sbdesigner.com.br\/index.php\/wp-json\/wp\/v2\/product\/5795\/revisions"}],"predecessor-version":[{"id":7884,"href":"https:\/\/sbdesigner.com.br\/index.php\/wp-json\/wp\/v2\/product\/5795\/revisions\/7884"}],"wp:featuredmedia":[{"embeddable":true,"href":"https:\/\/sbdesigner.com.br\/index.php\/wp-json\/wp\/v2\/media\/6175"}],"wp:attachment":[{"href":"https:\/\/sbdesigner.com.br\/index.php\/wp-json\/wp\/v2\/media?parent=5795"}],"wp:term":[{"taxonomy":"product_brand","embeddable":true,"href":"https:\/\/sbdesigner.com.br\/index.php\/wp-json\/wp\/v2\/product_brand?post=5795"},{"taxonomy":"product_cat","embeddable":true,"href":"https:\/\/sbdesigner.com.br\/index.php\/wp-json\/wp\/v2\/product_cat?post=5795"},{"taxonomy":"product_tag","embeddable":true,"href":"https:\/\/sbdesigner.com.br\/index.php\/wp-json\/wp\/v2\/product_tag?post=5795"}],"curies":[{"name":"wp","href":"https:\/\/api.w.org\/{rel}","templated":true}]}}