{"id":5766,"date":"2022-08-04T13:21:58","date_gmt":"2022-08-04T16:21:58","guid":{"rendered":"https:\/\/sbdesigner.com.br\/?post_type=product&#038;p=5766"},"modified":"2022-09-15T19:53:05","modified_gmt":"2022-09-15T22:53:05","slug":"organizacao-da-bio-instagram","status":"publish","type":"product","link":"https:\/\/sbdesigner.com.br\/index.php\/product\/organizacao-da-bio-instagram\/","title":{"rendered":"Organiza\u00e7\u00e3o da Bio | Instagram"},"content":{"rendered":"<p>Servi\u00e7o | Organiza\u00e7\u00e3o da Bio do Instagram<\/p>\n<p><strong>DESCRI\u00c7\u00c3O DO PRODUTO \u2661<\/strong><\/p>\n<p>Organizaremos a parte visual da Bio do seu Instagram, inserindo:<br \/>\n&#8211; Informa\u00e7\u00f5es importantes em destaque<br \/>\n&#8211; A melhor imagem do seu logotipo no perfil de forma que fique mais vis\u00edvel e n\u00edtida<br \/>\n&#8211; Inseriremos links para contatos, compras e informa\u00e7\u00f5es necess\u00e1rias<\/p>\n<p><strong>PROCESSO DE CRIA\u00c7\u00c3O \u2661<\/strong><\/p>\n<blockquote><p><em><strong>IMPORTANTE:<\/strong> \u00c9 necess\u00e1rio que o cliente possua um logotipo edit\u00e1vel para a cria\u00e7\u00e3o deste produto nos formatos: Illustrator ou EPS. N\u00e3o aceitamos em JPEG (imagem). Caso o cliente n\u00e3o possua um logotipo e tenha interesse em criar um, ele pode ir na categoria de &#8220;Identidade Visual&#8221; do nosso site e conferir os nossos pacotes.<\/em><\/p><\/blockquote>\n<p><strong>N\u00e3o incluso:<\/strong> Cria\u00e7\u00e3o de logotipo ou capa de destaque. Utilizaremos as imagens que o cliente possuir<\/p>\n<p><strong>PRAZO \u2661<\/strong><\/p>\n<p>Ap\u00f3s a confirma\u00e7\u00e3o da compra, damos um prazo de 4 \u00e0 7 dias \u00fateis para elabora\u00e7\u00e3o da arte. Caso o cliente solicite alguma altera\u00e7\u00e3o, o prazo \u00e9 aumentado.<\/p>\n","protected":false},"excerpt":{"rendered":"<p>Servi\u00e7o | Organiza\u00e7\u00e3o da Bio do Instagram DESCRI\u00c7\u00c3O DO PRODUTO \u2661 Organizaremos a parte visual da Bio do seu Instagram, inserindo: &#8211; Informa\u00e7\u00f5es importantes em destaque &#8211; A melhor imagem do seu logotipo no perfil de forma que fique mais vis\u00edvel e n\u00edtida &#8211; Inseriremos links para contatos, compras e informa\u00e7\u00f5es necess\u00e1rias PROCESSO DE CRIA\u00c7\u00c3O [&hellip;]<\/p>\n","protected":false},"featured_media":5768,"template":"","meta":{"site-sidebar-layout":"default","site-content-layout":"default","ast-site-content-layout":"","site-content-style":"default","site-sidebar-style":"default","ast-global-header-display":"","ast-banner-title-visibility":"","ast-main-header-display":"","ast-hfb-above-header-display":"","ast-hfb-below-header-display":"","ast-hfb-mobile-header-display":"","site-post-title":"","ast-breadcrumbs-content":"","ast-featured-img":"","footer-sml-layout":"","theme-transparent-header-meta":"default","adv-header-id-meta":"","stick-header-meta":"","header-above-stick-meta":"","header-main-stick-meta":"","header-below-stick-meta":"","astra-migrate-meta-layouts":"default","ast-page-background-enabled":"default","ast-page-background-meta":{"desktop":{"background-color":"","background-image":"","background-repeat":"repeat","background-position":"center center","background-size":"auto","background-attachment":"scroll","background-type":"","background-media":"","overlay-type":"","overlay-color":"","overlay-opacity":"","overlay-gradient":""},"tablet":{"background-color":"","background-image":"","background-repeat":"repeat","background-position":"center center","background-size":"auto","background-attachment":"scroll","background-type":"","background-media":"","overlay-type":"","overlay-color":"","overlay-opacity":"","overlay-gradient":""},"mobile":{"background-color":"","background-image":"","background-repeat":"repeat","background-position":"center center","background-size":"auto","background-attachment":"scroll","background-type":"","background-media":"","overlay-type":"","overlay-color":"","overlay-opacity":"","overlay-gradient":""}},"ast-content-background-meta":{"desktop":{"background-color":"var(--ast-global-color-5)","background-image":"","background-repeat":"repeat","background-position":"center center","background-size":"auto","background-attachment":"scroll","background-type":"","background-media":"","overlay-type":"","overlay-color":"","overlay-opacity":"","overlay-gradient":""},"tablet":{"background-color":"var(--ast-global-color-5)","background-image":"","background-repeat":"repeat","background-position":"center center","background-size":"auto","background-attachment":"scroll","background-type":"","background-media":"","overlay-type":"","overlay-color":"","overlay-opacity":"","overlay-gradient":""},"mobile":{"background-color":"var(--ast-global-color-5)","background-image":"","background-repeat":"repeat","background-position":"center center","background-size":"auto","background-attachment":"scroll","background-type":"","background-media":"","overlay-type":"","overlay-color":"","overlay-opacity":"","overlay-gradient":""}}},"product_brand":[],"product_cat":[39],"product_tag":[104,271,270],"class_list":{"0":"post-5766","1":"product","2":"type-product","3":"status-publish","4":"has-post-thumbnail","6":"product_cat-arte-digital","7":"product_tag-arte-digital","8":"product_tag-instagram","9":"product_tag-organizacao-da-bio","10":"product_shipping_class-entrega-fisica-brasil","11":"desktop-align-left","12":"tablet-align-left","13":"mobile-align-left","15":"first","16":"instock","17":"taxable","18":"shipping-taxable","19":"purchasable","20":"product-type-variable"},"_links":{"self":[{"href":"https:\/\/sbdesigner.com.br\/index.php\/wp-json\/wp\/v2\/product\/5766","targetHints":{"allow":["GET"]}}],"collection":[{"href":"https:\/\/sbdesigner.com.br\/index.php\/wp-json\/wp\/v2\/product"}],"about":[{"href":"https:\/\/sbdesigner.com.br\/index.php\/wp-json\/wp\/v2\/types\/product"}],"version-history":[{"count":4,"href":"https:\/\/sbdesigner.com.br\/index.php\/wp-json\/wp\/v2\/product\/5766\/revisions"}],"predecessor-version":[{"id":5869,"href":"https:\/\/sbdesigner.com.br\/index.php\/wp-json\/wp\/v2\/product\/5766\/revisions\/5869"}],"wp:featuredmedia":[{"embeddable":true,"href":"https:\/\/sbdesigner.com.br\/index.php\/wp-json\/wp\/v2\/media\/5768"}],"wp:attachment":[{"href":"https:\/\/sbdesigner.com.br\/index.php\/wp-json\/wp\/v2\/media?parent=5766"}],"wp:term":[{"taxonomy":"product_brand","embeddable":true,"href":"https:\/\/sbdesigner.com.br\/index.php\/wp-json\/wp\/v2\/product_brand?post=5766"},{"taxonomy":"product_cat","embeddable":true,"href":"https:\/\/sbdesigner.com.br\/index.php\/wp-json\/wp\/v2\/product_cat?post=5766"},{"taxonomy":"product_tag","embeddable":true,"href":"https:\/\/sbdesigner.com.br\/index.php\/wp-json\/wp\/v2\/product_tag?post=5766"}],"curies":[{"name":"wp","href":"https:\/\/api.w.org\/{rel}","templated":true}]}}