{"id":5391,"date":"2022-04-01T12:38:23","date_gmt":"2022-04-01T15:38:23","guid":{"rendered":"https:\/\/sbdesigner.com.br\/?post_type=product&#038;p=5391"},"modified":"2025-02-27T12:04:23","modified_gmt":"2025-02-27T15:04:23","slug":"arquivo-digital-certificado","status":"publish","type":"product","link":"https:\/\/sbdesigner.com.br\/index.php\/product\/arquivo-digital-certificado\/","title":{"rendered":"Arquivo Digital | Certificado"},"content":{"rendered":"<p>Arquivo Digital | Certificado<\/p>\n<p><strong>DESCRI\u00c7\u00c3O DO PRODUTO \u2661<\/strong><\/p>\n<p>Arte para Certificado<br \/>\n(Nenhum produto f\u00edsico)<\/p>\n<p><strong>PROCESSO DE CRIA\u00c7\u00c3O \u2661<\/strong><\/p>\n<blockquote><p><em><strong>IMPORTANTE:<\/strong> \u00c9 necess\u00e1rio que o cliente possua um logotipo edit\u00e1vel para a cria\u00e7\u00e3o deste produto nos formatos: Illustrator ou EPS. N\u00e3o aceitamos em JPEG (imagem). Caso o cliente n\u00e3o possua um logotipo e tenha interesse em criar um, ele pode ir na categoria de &#8220;Identidade Visual&#8221; do nosso site e conferir os nossos pacotes.<\/em><\/p><\/blockquote>\n<p><strong>Cores:<\/strong> As cores de impress\u00e3o podem variar dependendo do tipo de papel, impressora e computador. N\u00e3o garantimos fideliza\u00e7\u00e3o de cores em hip\u00f3tese alguma.<\/p>\n<p><em><strong>Obs:<\/strong> Todas as informa\u00e7\u00f5es do produto\/servi\u00e7o devem ser enviadas de forma digitada.<\/em><\/p>\n<p><strong>PRAZO \u2661<\/strong><\/p>\n<p>A partir da data agendada, damos um prazo de 5 \u00e0 8 dias \u00fateis para elabora\u00e7\u00e3o da arte. Caso o cliente solicite alguma altera\u00e7\u00e3o, o prazo \u00e9 aumentado.<\/p>\n","protected":false},"excerpt":{"rendered":"<p>Arquivo Digital | Certificado DESCRI\u00c7\u00c3O DO PRODUTO \u2661 Arte para Certificado (Nenhum produto f\u00edsico) PROCESSO DE CRIA\u00c7\u00c3O \u2661 IMPORTANTE: \u00c9 necess\u00e1rio que o cliente possua um logotipo edit\u00e1vel para a cria\u00e7\u00e3o deste produto nos formatos: Illustrator ou EPS. N\u00e3o aceitamos em JPEG (imagem). Caso o cliente n\u00e3o possua um logotipo e tenha interesse em criar [&hellip;]<\/p>\n","protected":false},"featured_media":5392,"template":"","meta":{"site-sidebar-layout":"default","site-content-layout":"default","ast-site-content-layout":"default","site-content-style":"default","site-sidebar-style":"default","ast-global-header-display":"","ast-banner-title-visibility":"","ast-main-header-display":"","ast-hfb-above-header-display":"","ast-hfb-below-header-display":"","ast-hfb-mobile-header-display":"","site-post-title":"","ast-breadcrumbs-content":"","ast-featured-img":"","footer-sml-layout":"","theme-transparent-header-meta":"default","adv-header-id-meta":"","stick-header-meta":"","header-above-stick-meta":"","header-main-stick-meta":"","header-below-stick-meta":"","astra-migrate-meta-layouts":"set","ast-page-background-enabled":"default","ast-page-background-meta":{"desktop":{"background-color":"","background-image":"","background-repeat":"repeat","background-position":"center center","background-size":"auto","background-attachment":"scroll","background-type":"","background-media":"","overlay-type":"","overlay-color":"","overlay-opacity":"","overlay-gradient":""},"tablet":{"background-color":"","background-image":"","background-repeat":"repeat","background-position":"center center","background-size":"auto","background-attachment":"scroll","background-type":"","background-media":"","overlay-type":"","overlay-color":"","overlay-opacity":"","overlay-gradient":""},"mobile":{"background-color":"","background-image":"","background-repeat":"repeat","background-position":"center center","background-size":"auto","background-attachment":"scroll","background-type":"","background-media":"","overlay-type":"","overlay-color":"","overlay-opacity":"","overlay-gradient":""}},"ast-content-background-meta":{"desktop":{"background-color":"var(--ast-global-color-5)","background-image":"","background-repeat":"repeat","background-position":"center center","background-size":"auto","background-attachment":"scroll","background-type":"","background-media":"","overlay-type":"","overlay-color":"","overlay-opacity":"","overlay-gradient":""},"tablet":{"background-color":"var(--ast-global-color-5)","background-image":"","background-repeat":"repeat","background-position":"center center","background-size":"auto","background-attachment":"scroll","background-type":"","background-media":"","overlay-type":"","overlay-color":"","overlay-opacity":"","overlay-gradient":""},"mobile":{"background-color":"var(--ast-global-color-5)","background-image":"","background-repeat":"repeat","background-position":"center center","background-size":"auto","background-attachment":"scroll","background-type":"","background-media":"","overlay-type":"","overlay-color":"","overlay-opacity":"","overlay-gradient":""}}},"product_brand":[],"product_cat":[39],"product_tag":[382,381,380,104,225,155,224,154,226],"class_list":{"0":"post-5391","1":"product","2":"type-product","3":"status-publish","4":"has-post-thumbnail","6":"product_cat-arte-digital","7":"product_tag-arte-certificado","8":"product_tag-arte-de-certificado","9":"product_tag-arte-de-certificaod","10":"product_tag-arte-digital","11":"product_tag-certificado","12":"product_tag-curso","13":"product_tag-cursos","14":"product_tag-kit-curso","15":"product_tag-kit-deapoio","16":"product_shipping_class-entrega-fisica-brasil","17":"desktop-align-left","18":"tablet-align-left","19":"mobile-align-left","21":"first","22":"instock","23":"virtual","24":"taxable","25":"purchasable","26":"product-type-simple"},"_links":{"self":[{"href":"https:\/\/sbdesigner.com.br\/index.php\/wp-json\/wp\/v2\/product\/5391","targetHints":{"allow":["GET"]}}],"collection":[{"href":"https:\/\/sbdesigner.com.br\/index.php\/wp-json\/wp\/v2\/product"}],"about":[{"href":"https:\/\/sbdesigner.com.br\/index.php\/wp-json\/wp\/v2\/types\/product"}],"version-history":[{"count":1,"href":"https:\/\/sbdesigner.com.br\/index.php\/wp-json\/wp\/v2\/product\/5391\/revisions"}],"predecessor-version":[{"id":5393,"href":"https:\/\/sbdesigner.com.br\/index.php\/wp-json\/wp\/v2\/product\/5391\/revisions\/5393"}],"wp:featuredmedia":[{"embeddable":true,"href":"https:\/\/sbdesigner.com.br\/index.php\/wp-json\/wp\/v2\/media\/5392"}],"wp:attachment":[{"href":"https:\/\/sbdesigner.com.br\/index.php\/wp-json\/wp\/v2\/media?parent=5391"}],"wp:term":[{"taxonomy":"product_brand","embeddable":true,"href":"https:\/\/sbdesigner.com.br\/index.php\/wp-json\/wp\/v2\/product_brand?post=5391"},{"taxonomy":"product_cat","embeddable":true,"href":"https:\/\/sbdesigner.com.br\/index.php\/wp-json\/wp\/v2\/product_cat?post=5391"},{"taxonomy":"product_tag","embeddable":true,"href":"https:\/\/sbdesigner.com.br\/index.php\/wp-json\/wp\/v2\/product_tag?post=5391"}],"curies":[{"name":"wp","href":"https:\/\/api.w.org\/{rel}","templated":true}]}}