{"id":4939,"date":"2022-03-14T18:36:00","date_gmt":"2022-03-14T21:36:00","guid":{"rendered":"https:\/\/sbdesigner.com.br\/?post_type=product&#038;p=4939"},"modified":"2025-11-09T09:08:03","modified_gmt":"2025-11-09T12:08:03","slug":"protetorlabial","status":"publish","type":"product","link":"https:\/\/sbdesigner.com.br\/index.php\/product\/protetorlabial\/","title":{"rendered":"Protetor Labial | Chaveiro"},"content":{"rendered":"<p><span style=\"font-size: 16px;\"><b>Manteiga de Cacau acompanhada com pingente e la\u00e7o. (O la\u00e7o n\u00e3o poder\u00e1 escolher, colocaremos a cor que combinar com a paleta de cores do cliente e se estiver dispon\u00edvel)<br \/>\n<\/b><\/span><\/p>\n<p>10 uni: a unidade sai aprox R$ 9,17 via pix<br \/>\n25 uni: a unidade sai aprox R$ 8,55 via pix<br \/>\n50 uni: a unidade sai aprox R$ 8,26 via pix<\/p>\n<p><strong>PROCESSO DE CRIA\u00c7\u00c3O \u2661<\/strong><\/p>\n<blockquote><p><em><strong>IMPORTANTE:<\/strong> \u00c9 necess\u00e1rio que o cliente possua um logotipo edit\u00e1vel para a cria\u00e7\u00e3o deste produto nos formatos: Illustrator ou EPS. N\u00e3o aceitamos em JPEG (imagem). Caso o cliente n\u00e3o possua um logotipo e tenha interesse em criar um, ele pode ir na categoria de &#8220;Identidade Visual&#8221; do nosso site e conferir os nossos pacotes.<\/em><\/p><\/blockquote>\n<p><strong>Cores:<\/strong> As cores de impress\u00e3o podem variar dependendo do tipo de papel, impressora e computador. N\u00e3o garantimos fidelidade de cores em nenhuma hip\u00f3tese. Os impressos poder\u00e3o apresentar varia\u00e7\u00e3o de intensidade e tonalidade das cores, em rela\u00e7\u00e3o ao monitor ou \u00e0 prova impressa, bem como em rela\u00e7\u00e3o \u00e0s reimpress\u00f5es.<\/p>\n<p><strong>PRAZO \u2661<\/strong><\/p>\n<p>At\u00e9 4 dias \u00fateis para a elabora\u00e7\u00e3o da arte e envio para o cliente aprovar + 10 a 16 dias \u00fateis para a produ\u00e7\u00e3o do material (caso tenha altera\u00e7\u00f5es por parte do cliente e dependendo da quantidade o prazo pode aumentar) + prazo do transporte para entrega.<\/p>\n","protected":false},"excerpt":{"rendered":"<p>Manteiga de Cacau acompanhada com pingente e la\u00e7o. (O la\u00e7o n\u00e3o poder\u00e1 escolher, colocaremos a cor que combinar com a paleta de cores do cliente e se estiver dispon\u00edvel) 10 uni: a unidade sai aprox R$ 9,17 via pix 25 uni: a unidade sai aprox R$ 8,55 via pix 50 uni: a unidade sai aprox [&hellip;]<\/p>\n","protected":false},"featured_media":7763,"template":"","meta":{"site-sidebar-layout":"default","site-content-layout":"default","ast-site-content-layout":"default","site-content-style":"default","site-sidebar-style":"default","ast-global-header-display":"","ast-banner-title-visibility":"","ast-main-header-display":"","ast-hfb-above-header-display":"","ast-hfb-below-header-display":"","ast-hfb-mobile-header-display":"","site-post-title":"","ast-breadcrumbs-content":"","ast-featured-img":"","footer-sml-layout":"","theme-transparent-header-meta":"default","adv-header-id-meta":"","stick-header-meta":"","header-above-stick-meta":"","header-main-stick-meta":"","header-below-stick-meta":"","astra-migrate-meta-layouts":"set","ast-page-background-enabled":"default","ast-page-background-meta":{"desktop":{"background-color":"","background-image":"","background-repeat":"repeat","background-position":"center center","background-size":"auto","background-attachment":"scroll","background-type":"","background-media":"","overlay-type":"","overlay-color":"","overlay-opacity":"","overlay-gradient":""},"tablet":{"background-color":"","background-image":"","background-repeat":"repeat","background-position":"center center","background-size":"auto","background-attachment":"scroll","background-type":"","background-media":"","overlay-type":"","overlay-color":"","overlay-opacity":"","overlay-gradient":""},"mobile":{"background-color":"","background-image":"","background-repeat":"repeat","background-position":"center center","background-size":"auto","background-attachment":"scroll","background-type":"","background-media":"","overlay-type":"","overlay-color":"","overlay-opacity":"","overlay-gradient":""}},"ast-content-background-meta":{"desktop":{"background-color":"var(--ast-global-color-5)","background-image":"","background-repeat":"repeat","background-position":"center center","background-size":"auto","background-attachment":"scroll","background-type":"","background-media":"","overlay-type":"","overlay-color":"","overlay-opacity":"","overlay-gradient":""},"tablet":{"background-color":"var(--ast-global-color-5)","background-image":"","background-repeat":"repeat","background-position":"center center","background-size":"auto","background-attachment":"scroll","background-type":"","background-media":"","overlay-type":"","overlay-color":"","overlay-opacity":"","overlay-gradient":""},"mobile":{"background-color":"var(--ast-global-color-5)","background-image":"","background-repeat":"repeat","background-position":"center center","background-size":"auto","background-attachment":"scroll","background-type":"","background-media":"","overlay-type":"","overlay-color":"","overlay-opacity":"","overlay-gradient":""}}},"product_brand":[],"product_cat":[46,37],"product_tag":[151,53,492,487,491,485,486,489,193,490,474,488],"class_list":{"0":"post-4939","1":"product","2":"type-product","3":"status-publish","4":"has-post-thumbnail","6":"product_cat-brindes","7":"product_cat-papelaria-personalizada","8":"product_tag-brinde","9":"product_tag-brindes","10":"product_tag-cacau","11":"product_tag-chaveiro","12":"product_tag-chaveiros","13":"product_tag-labial","14":"product_tag-manteiga-de-cacau","15":"product_tag-manteiga-de-cacau-chaveiro","16":"product_tag-mimo","17":"product_tag-mimos","18":"product_tag-protetor-labial","19":"product_tag-protetor-labial-chaveiro","20":"product_shipping_class-entrega-fisica-brasil","21":"desktop-align-left","22":"tablet-align-left","23":"mobile-align-left","25":"first","26":"instock","27":"taxable","28":"shipping-taxable","29":"purchasable","30":"product-type-variable"},"_links":{"self":[{"href":"https:\/\/sbdesigner.com.br\/index.php\/wp-json\/wp\/v2\/product\/4939","targetHints":{"allow":["GET"]}}],"collection":[{"href":"https:\/\/sbdesigner.com.br\/index.php\/wp-json\/wp\/v2\/product"}],"about":[{"href":"https:\/\/sbdesigner.com.br\/index.php\/wp-json\/wp\/v2\/types\/product"}],"version-history":[{"count":2,"href":"https:\/\/sbdesigner.com.br\/index.php\/wp-json\/wp\/v2\/product\/4939\/revisions"}],"predecessor-version":[{"id":7766,"href":"https:\/\/sbdesigner.com.br\/index.php\/wp-json\/wp\/v2\/product\/4939\/revisions\/7766"}],"wp:featuredmedia":[{"embeddable":true,"href":"https:\/\/sbdesigner.com.br\/index.php\/wp-json\/wp\/v2\/media\/7763"}],"wp:attachment":[{"href":"https:\/\/sbdesigner.com.br\/index.php\/wp-json\/wp\/v2\/media?parent=4939"}],"wp:term":[{"taxonomy":"product_brand","embeddable":true,"href":"https:\/\/sbdesigner.com.br\/index.php\/wp-json\/wp\/v2\/product_brand?post=4939"},{"taxonomy":"product_cat","embeddable":true,"href":"https:\/\/sbdesigner.com.br\/index.php\/wp-json\/wp\/v2\/product_cat?post=4939"},{"taxonomy":"product_tag","embeddable":true,"href":"https:\/\/sbdesigner.com.br\/index.php\/wp-json\/wp\/v2\/product_tag?post=4939"}],"curies":[{"name":"wp","href":"https:\/\/api.w.org\/{rel}","templated":true}]}}