{"id":4633,"date":"2021-12-29T21:28:15","date_gmt":"2021-12-30T00:28:15","guid":{"rendered":"https:\/\/sbdesigner.com.br\/?post_type=product&#038;p=4633"},"modified":"2023-07-29T16:51:17","modified_gmt":"2023-07-29T19:51:17","slug":"papel-embrulho","status":"publish","type":"product","link":"https:\/\/sbdesigner.com.br\/index.php\/product\/papel-embrulho\/","title":{"rendered":"Papel Embrulho"},"content":{"rendered":"<p><strong>Papel embrulho<\/strong><br \/>\nImpress\u00e3o: Apenas frente (o verso \u00e9 branco)<br \/>\n* Imagem ilustrativa, confira as medidas.<br \/>\nGramatura:\u00a0 75g<br \/>\n<em><strong>Observa\u00e7\u00e3o importante:<\/strong><\/em><\/p>\n<ul>\n<li>O papel no tamanho aproximadamente 21&#215;29,7cm.<\/li>\n<li>O papel embrulho no tamanho aproximadamente\u00a0 20,5x53cm.<\/li>\n<\/ul>\n<p><strong>*Pagamento via pix possui 5% de desconto<\/strong><\/p>\n<p><strong>PROCESSO DE CRIA\u00c7\u00c3O \u2661<\/strong><\/p>\n<blockquote><p><em><strong>IMPORTANTE:<\/strong> Caso seja para inserir o Logotipo, \u00e9 necess\u00e1rio que o cliente possua o logo edit\u00e1vel para a cria\u00e7\u00e3o desse produto nos formatos: Illustrator ou EPS. N\u00e3o aceitamos em JPEG (imagem). Caso o cliente n\u00e3o possua um logotipo e tenha interesse em criar um, ele pode ir na categoria de &#8220;Identidade Visual&#8221; do nosso site e conferir os nossos pacotes.<\/em><\/p><\/blockquote>\n<p><strong>Cores:<\/strong> As cores de impress\u00e3o podem variar dependendo do tipo de papel, impressora e computador. N\u00e3o garantimos fidelidade de cores em nenhuma hip\u00f3tese. Os impressos poder\u00e3o apresentar varia\u00e7\u00e3o de intensidade e tonalidade das cores, em rela\u00e7\u00e3o ao monitor ou \u00e0 prova impressa, bem como em rela\u00e7\u00e3o \u00e0s reimpress\u00f5es.<\/p>\n<p><em><strong>Obs:<\/strong> N\u00e3o \u00e9 poss\u00edvel comprar uma quantidade e dividir ela. Exemplo: Voc\u00ea comprar 100 unidades e fazer 50 de cada arte, o valor estabelecido neste produto \u00e9 referente \u00e0 uma tiragem por arte. Caso voc\u00ea queira 2 artes diferentes \u00e9 necess\u00e1rio comprar 2x unidades, ou seja : 50 e 50.<\/em><\/p>\n<p><strong>PRAZO \u2661<\/strong><\/p>\n<p>4 dias \u00fateis para a elabora\u00e7\u00e3o da arte e envio para o cliente aprovar + 10 \u00e0 15 dias \u00fateis para a produ\u00e7\u00e3o do material (caso tenha altera\u00e7\u00f5es por parte do cliente o prazo pode aumentar) + prazo do transporte para entrega.<\/p>\n","protected":false},"excerpt":{"rendered":"<p>Papel embrulho Impress\u00e3o: Apenas frente (o verso \u00e9 branco) * Imagem ilustrativa, confira as medidas. Gramatura:\u00a0 75g Observa\u00e7\u00e3o importante: O papel no tamanho aproximadamente 21&#215;29,7cm. O papel embrulho no tamanho aproximadamente\u00a0 20,5x53cm. *Pagamento via pix possui 5% de desconto PROCESSO DE CRIA\u00c7\u00c3O \u2661 IMPORTANTE: Caso seja para inserir o Logotipo, \u00e9 necess\u00e1rio que o cliente [&hellip;]<\/p>\n","protected":false},"featured_media":6398,"template":"","meta":{"site-sidebar-layout":"default","site-content-layout":"default","ast-site-content-layout":"","site-content-style":"default","site-sidebar-style":"default","ast-global-header-display":"","ast-banner-title-visibility":"","ast-main-header-display":"","ast-hfb-above-header-display":"","ast-hfb-below-header-display":"","ast-hfb-mobile-header-display":"","site-post-title":"","ast-breadcrumbs-content":"","ast-featured-img":"","footer-sml-layout":"","theme-transparent-header-meta":"default","adv-header-id-meta":"","stick-header-meta":"","header-above-stick-meta":"","header-main-stick-meta":"","header-below-stick-meta":"","astra-migrate-meta-layouts":"default","ast-page-background-enabled":"default","ast-page-background-meta":{"desktop":{"background-color":"","background-image":"","background-repeat":"repeat","background-position":"center center","background-size":"auto","background-attachment":"scroll","background-type":"","background-media":"","overlay-type":"","overlay-color":"","overlay-opacity":"","overlay-gradient":""},"tablet":{"background-color":"","background-image":"","background-repeat":"repeat","background-position":"center center","background-size":"auto","background-attachment":"scroll","background-type":"","background-media":"","overlay-type":"","overlay-color":"","overlay-opacity":"","overlay-gradient":""},"mobile":{"background-color":"","background-image":"","background-repeat":"repeat","background-position":"center center","background-size":"auto","background-attachment":"scroll","background-type":"","background-media":"","overlay-type":"","overlay-color":"","overlay-opacity":"","overlay-gradient":""}},"ast-content-background-meta":{"desktop":{"background-color":"var(--ast-global-color-5)","background-image":"","background-repeat":"repeat","background-position":"center center","background-size":"auto","background-attachment":"scroll","background-type":"","background-media":"","overlay-type":"","overlay-color":"","overlay-opacity":"","overlay-gradient":""},"tablet":{"background-color":"var(--ast-global-color-5)","background-image":"","background-repeat":"repeat","background-position":"center center","background-size":"auto","background-attachment":"scroll","background-type":"","background-media":"","overlay-type":"","overlay-color":"","overlay-opacity":"","overlay-gradient":""},"mobile":{"background-color":"var(--ast-global-color-5)","background-image":"","background-repeat":"repeat","background-position":"center center","background-size":"auto","background-attachment":"scroll","background-type":"","background-media":"","overlay-type":"","overlay-color":"","overlay-opacity":"","overlay-gradient":""}}},"product_brand":[],"product_cat":[37],"product_tag":[182,179,181,180],"class_list":{"0":"post-4633","1":"product","2":"type-product","3":"status-publish","4":"has-post-thumbnail","6":"product_cat-papelaria-personalizada","7":"product_tag-embrulho","8":"product_tag-papel-embrulho","9":"product_tag-papel-seda","10":"product_tag-unboxing","11":"product_shipping_class-entrega-fisica-brasil","12":"desktop-align-left","13":"tablet-align-left","14":"mobile-align-left","16":"first","17":"outofstock","18":"taxable","19":"shipping-taxable","20":"purchasable","21":"product-type-variable"},"_links":{"self":[{"href":"https:\/\/sbdesigner.com.br\/index.php\/wp-json\/wp\/v2\/product\/4633","targetHints":{"allow":["GET"]}}],"collection":[{"href":"https:\/\/sbdesigner.com.br\/index.php\/wp-json\/wp\/v2\/product"}],"about":[{"href":"https:\/\/sbdesigner.com.br\/index.php\/wp-json\/wp\/v2\/types\/product"}],"version-history":[{"count":6,"href":"https:\/\/sbdesigner.com.br\/index.php\/wp-json\/wp\/v2\/product\/4633\/revisions"}],"predecessor-version":[{"id":6159,"href":"https:\/\/sbdesigner.com.br\/index.php\/wp-json\/wp\/v2\/product\/4633\/revisions\/6159"}],"wp:featuredmedia":[{"embeddable":true,"href":"https:\/\/sbdesigner.com.br\/index.php\/wp-json\/wp\/v2\/media\/6398"}],"wp:attachment":[{"href":"https:\/\/sbdesigner.com.br\/index.php\/wp-json\/wp\/v2\/media?parent=4633"}],"wp:term":[{"taxonomy":"product_brand","embeddable":true,"href":"https:\/\/sbdesigner.com.br\/index.php\/wp-json\/wp\/v2\/product_brand?post=4633"},{"taxonomy":"product_cat","embeddable":true,"href":"https:\/\/sbdesigner.com.br\/index.php\/wp-json\/wp\/v2\/product_cat?post=4633"},{"taxonomy":"product_tag","embeddable":true,"href":"https:\/\/sbdesigner.com.br\/index.php\/wp-json\/wp\/v2\/product_tag?post=4633"}],"curies":[{"name":"wp","href":"https:\/\/api.w.org\/{rel}","templated":true}]}}