{"id":4231,"date":"2021-09-09T12:00:12","date_gmt":"2021-09-09T15:00:12","guid":{"rendered":"https:\/\/sbdesigner.com.br\/?post_type=product&#038;p=4231"},"modified":"2025-02-27T12:01:36","modified_gmt":"2025-02-27T15:01:36","slug":"arquivo-digital-cartao-de-agradecimento","status":"publish","type":"product","link":"https:\/\/sbdesigner.com.br\/index.php\/product\/arquivo-digital-cartao-de-agradecimento\/","title":{"rendered":"Arquivo Digital | Cart\u00e3o de Agradecimento"},"content":{"rendered":"<p>Arquivo Digital | Cart\u00e3o de Agradecimento<\/p>\n<p><strong>DESCRI\u00c7\u00c3O DO PRODUTO \u2661<\/strong><\/p>\n<p>Arte para Cart\u00e3o de Agradecimento<br \/>\n(Nenhum produto f\u00edsico)<\/p>\n<p><strong>PROCESSO DE CRIA\u00c7\u00c3O \u2661<\/strong><\/p>\n<blockquote><p><em><strong>IMPORTANTE:<\/strong> \u00c9 necess\u00e1rio que o cliente possua um logotipo edit\u00e1vel para a cria\u00e7\u00e3o deste produto nos formatos: Illustrator ou EPS. N\u00e3o aceitamos em JPEG (imagem). Caso o cliente n\u00e3o possua um logotipo e tenha interesse em criar um, ele pode ir na categoria de &#8220;Identidade Visual&#8221; do nosso site e conferir os nossos pacotes.<\/em><\/p><\/blockquote>\n<p><strong>Cores:<\/strong> As cores de impress\u00e3o podem variar dependendo do tipo de papel, impressora e computador. N\u00e3o garantimos fideliza\u00e7\u00e3o de cores em hip\u00f3tese alguma.<\/p>\n<p><em><strong>Obs:<\/strong> Todas as informa\u00e7\u00f5es do produto\/servi\u00e7o devem ser enviadas de forma digitada.<\/em><\/p>\n<p><strong>PRAZO \u2661<\/strong><\/p>\n<p>A partir da data agendada, damos um prazo de 5 \u00e0 10 dias \u00fateis para elabora\u00e7\u00e3o da arte. Caso o cliente solicite alguma altera\u00e7\u00e3o, o prazo \u00e9 aumentado.<\/p>\n","protected":false},"excerpt":{"rendered":"<p>Arquivo Digital | Cart\u00e3o de Agradecimento DESCRI\u00c7\u00c3O DO PRODUTO \u2661 Arte para Cart\u00e3o de Agradecimento (Nenhum produto f\u00edsico) PROCESSO DE CRIA\u00c7\u00c3O \u2661 IMPORTANTE: \u00c9 necess\u00e1rio que o cliente possua um logotipo edit\u00e1vel para a cria\u00e7\u00e3o deste produto nos formatos: Illustrator ou EPS. N\u00e3o aceitamos em JPEG (imagem). Caso o cliente n\u00e3o possua um logotipo e [&hellip;]<\/p>\n","protected":false},"featured_media":4276,"template":"","meta":{"site-sidebar-layout":"default","site-content-layout":"default","ast-site-content-layout":"default","site-content-style":"default","site-sidebar-style":"default","ast-global-header-display":"","ast-banner-title-visibility":"","ast-main-header-display":"","ast-hfb-above-header-display":"","ast-hfb-below-header-display":"","ast-hfb-mobile-header-display":"","site-post-title":"","ast-breadcrumbs-content":"","ast-featured-img":"","footer-sml-layout":"","theme-transparent-header-meta":"default","adv-header-id-meta":"","stick-header-meta":"","header-above-stick-meta":"","header-main-stick-meta":"","header-below-stick-meta":"","astra-migrate-meta-layouts":"set","ast-page-background-enabled":"default","ast-page-background-meta":{"desktop":{"background-color":"","background-image":"","background-repeat":"repeat","background-position":"center center","background-size":"auto","background-attachment":"scroll","background-type":"","background-media":"","overlay-type":"","overlay-color":"","overlay-opacity":"","overlay-gradient":""},"tablet":{"background-color":"","background-image":"","background-repeat":"repeat","background-position":"center center","background-size":"auto","background-attachment":"scroll","background-type":"","background-media":"","overlay-type":"","overlay-color":"","overlay-opacity":"","overlay-gradient":""},"mobile":{"background-color":"","background-image":"","background-repeat":"repeat","background-position":"center center","background-size":"auto","background-attachment":"scroll","background-type":"","background-media":"","overlay-type":"","overlay-color":"","overlay-opacity":"","overlay-gradient":""}},"ast-content-background-meta":{"desktop":{"background-color":"var(--ast-global-color-5)","background-image":"","background-repeat":"repeat","background-position":"center center","background-size":"auto","background-attachment":"scroll","background-type":"","background-media":"","overlay-type":"","overlay-color":"","overlay-opacity":"","overlay-gradient":""},"tablet":{"background-color":"var(--ast-global-color-5)","background-image":"","background-repeat":"repeat","background-position":"center center","background-size":"auto","background-attachment":"scroll","background-type":"","background-media":"","overlay-type":"","overlay-color":"","overlay-opacity":"","overlay-gradient":""},"mobile":{"background-color":"var(--ast-global-color-5)","background-image":"","background-repeat":"repeat","background-position":"center center","background-size":"auto","background-attachment":"scroll","background-type":"","background-media":"","overlay-type":"","overlay-color":"","overlay-opacity":"","overlay-gradient":""}}},"product_brand":[],"product_cat":[39],"product_tag":[141,136,378,104,81,379],"class_list":{"0":"post-4231","1":"product","2":"type-product","3":"status-publish","4":"has-post-thumbnail","6":"product_cat-arte-digital","7":"product_tag-arte-cartao-de-agradecimento","8":"product_tag-arte-cartao-de-visita","9":"product_tag-arte-de-cartao-postal","10":"product_tag-arte-digital","11":"product_tag-cartao-postal","12":"product_tag-design-de-cartao-postal","13":"product_shipping_class-entrega-fisica-brasil","14":"desktop-align-left","15":"tablet-align-left","16":"mobile-align-left","18":"first","19":"instock","20":"virtual","21":"taxable","22":"purchasable","23":"product-type-simple"},"_links":{"self":[{"href":"https:\/\/sbdesigner.com.br\/index.php\/wp-json\/wp\/v2\/product\/4231","targetHints":{"allow":["GET"]}}],"collection":[{"href":"https:\/\/sbdesigner.com.br\/index.php\/wp-json\/wp\/v2\/product"}],"about":[{"href":"https:\/\/sbdesigner.com.br\/index.php\/wp-json\/wp\/v2\/types\/product"}],"version-history":[{"count":2,"href":"https:\/\/sbdesigner.com.br\/index.php\/wp-json\/wp\/v2\/product\/4231\/revisions"}],"predecessor-version":[{"id":7377,"href":"https:\/\/sbdesigner.com.br\/index.php\/wp-json\/wp\/v2\/product\/4231\/revisions\/7377"}],"wp:featuredmedia":[{"embeddable":true,"href":"https:\/\/sbdesigner.com.br\/index.php\/wp-json\/wp\/v2\/media\/4276"}],"wp:attachment":[{"href":"https:\/\/sbdesigner.com.br\/index.php\/wp-json\/wp\/v2\/media?parent=4231"}],"wp:term":[{"taxonomy":"product_brand","embeddable":true,"href":"https:\/\/sbdesigner.com.br\/index.php\/wp-json\/wp\/v2\/product_brand?post=4231"},{"taxonomy":"product_cat","embeddable":true,"href":"https:\/\/sbdesigner.com.br\/index.php\/wp-json\/wp\/v2\/product_cat?post=4231"},{"taxonomy":"product_tag","embeddable":true,"href":"https:\/\/sbdesigner.com.br\/index.php\/wp-json\/wp\/v2\/product_tag?post=4231"}],"curies":[{"name":"wp","href":"https:\/\/api.w.org\/{rel}","templated":true}]}}