{"id":4112,"date":"2021-09-04T13:02:17","date_gmt":"2021-09-04T16:02:17","guid":{"rendered":"https:\/\/sbdesigner.com.br\/?post_type=product&#038;p=4112"},"modified":"2023-06-15T11:43:25","modified_gmt":"2023-06-15T14:43:25","slug":"lacre-para-tag","status":"publish","type":"product","link":"https:\/\/sbdesigner.com.br\/index.php\/product\/lacre-para-tag\/","title":{"rendered":"Lacre para Tag"},"content":{"rendered":"<p>Lacre para utilizar nas tags\/etiquetas<br \/>\n(N\u00e3o acompanha tag)<\/p>\n<p><strong>DESCRI\u00c7\u00c3O DO PRODUTO \u2661<\/strong><\/p>\n<p>Tamanho aberto: 20 cm<br \/>\nMaterial : Nylon super resistente com encaixes.<\/p>\n<p><strong>Cores:<\/strong>\u00a0 N\u00e3o garantimos fidelidade de cores em nenhuma hip\u00f3tese.<\/p>\n<p><em><strong>Obs:<\/strong> N\u00e3o \u00e9 poss\u00edvel comprar uma quantidade e dividir ela. Exemplo: Voc\u00ea comprar 100 unidades e fazer 50 de cada cor, o valor estabelecido neste produto \u00e9 referente \u00e0 uma tiragem por cor. Caso voc\u00ea queira 2 cores diferentes \u00e9 necess\u00e1rio comprar 2x unidades, ou seja : 50 e 50.<\/em><\/p>\n<p><strong>PRAZO \u2661<\/strong><\/p>\n<p>1 dia \u00fatil para a prepara\u00e7\u00e3o do pedido + prazo do transporte para entrega.<\/p>\n","protected":false},"excerpt":{"rendered":"<p>Lacre para utilizar nas tags\/etiquetas (N\u00e3o acompanha tag) DESCRI\u00c7\u00c3O DO PRODUTO \u2661 Tamanho aberto: 20 cm Material : Nylon super resistente com encaixes. Cores:\u00a0 N\u00e3o garantimos fidelidade de cores em nenhuma hip\u00f3tese. Obs: N\u00e3o \u00e9 poss\u00edvel comprar uma quantidade e dividir ela. Exemplo: Voc\u00ea comprar 100 unidades e fazer 50 de cada cor, o valor [&hellip;]<\/p>\n","protected":false},"featured_media":6224,"template":"","meta":{"site-sidebar-layout":"default","site-content-layout":"default","ast-site-content-layout":"","site-content-style":"default","site-sidebar-style":"default","ast-global-header-display":"","ast-banner-title-visibility":"","ast-main-header-display":"","ast-hfb-above-header-display":"","ast-hfb-below-header-display":"","ast-hfb-mobile-header-display":"","site-post-title":"","ast-breadcrumbs-content":"","ast-featured-img":"","footer-sml-layout":"","theme-transparent-header-meta":"default","adv-header-id-meta":"","stick-header-meta":"","header-above-stick-meta":"","header-main-stick-meta":"","header-below-stick-meta":"","astra-migrate-meta-layouts":"default","ast-page-background-enabled":"default","ast-page-background-meta":{"desktop":{"background-color":"","background-image":"","background-repeat":"repeat","background-position":"center center","background-size":"auto","background-attachment":"scroll","background-type":"","background-media":"","overlay-type":"","overlay-color":"","overlay-opacity":"","overlay-gradient":""},"tablet":{"background-color":"","background-image":"","background-repeat":"repeat","background-position":"center center","background-size":"auto","background-attachment":"scroll","background-type":"","background-media":"","overlay-type":"","overlay-color":"","overlay-opacity":"","overlay-gradient":""},"mobile":{"background-color":"","background-image":"","background-repeat":"repeat","background-position":"center center","background-size":"auto","background-attachment":"scroll","background-type":"","background-media":"","overlay-type":"","overlay-color":"","overlay-opacity":"","overlay-gradient":""}},"ast-content-background-meta":{"desktop":{"background-color":"var(--ast-global-color-5)","background-image":"","background-repeat":"repeat","background-position":"center center","background-size":"auto","background-attachment":"scroll","background-type":"","background-media":"","overlay-type":"","overlay-color":"","overlay-opacity":"","overlay-gradient":""},"tablet":{"background-color":"var(--ast-global-color-5)","background-image":"","background-repeat":"repeat","background-position":"center center","background-size":"auto","background-attachment":"scroll","background-type":"","background-media":"","overlay-type":"","overlay-color":"","overlay-opacity":"","overlay-gradient":""},"mobile":{"background-color":"var(--ast-global-color-5)","background-image":"","background-repeat":"repeat","background-position":"center center","background-size":"auto","background-attachment":"scroll","background-type":"","background-media":"","overlay-type":"","overlay-color":"","overlay-opacity":"","overlay-gradient":""}}},"product_brand":[],"product_cat":[37],"product_tag":[127,126,236,125,124,163,51],"class_list":{"0":"post-4112","1":"product","2":"type-product","3":"status-publish","4":"has-post-thumbnail","6":"product_cat-papelaria-personalizada","7":"product_tag-etiqueta","8":"product_tag-lacre","9":"product_tag-lacre-de-tag","10":"product_tag-lacre-para-tag","11":"product_tag-lacre-tag","12":"product_tag-pronta-entrega","13":"product_tag-tag","14":"product_shipping_class-entrega-fisica-brasil","15":"desktop-align-left","16":"tablet-align-left","17":"mobile-align-left","19":"first","20":"instock","21":"taxable","22":"shipping-taxable","23":"purchasable","24":"product-type-variable"},"_links":{"self":[{"href":"https:\/\/sbdesigner.com.br\/index.php\/wp-json\/wp\/v2\/product\/4112","targetHints":{"allow":["GET"]}}],"collection":[{"href":"https:\/\/sbdesigner.com.br\/index.php\/wp-json\/wp\/v2\/product"}],"about":[{"href":"https:\/\/sbdesigner.com.br\/index.php\/wp-json\/wp\/v2\/types\/product"}],"version-history":[{"count":6,"href":"https:\/\/sbdesigner.com.br\/index.php\/wp-json\/wp\/v2\/product\/4112\/revisions"}],"predecessor-version":[{"id":6225,"href":"https:\/\/sbdesigner.com.br\/index.php\/wp-json\/wp\/v2\/product\/4112\/revisions\/6225"}],"wp:featuredmedia":[{"embeddable":true,"href":"https:\/\/sbdesigner.com.br\/index.php\/wp-json\/wp\/v2\/media\/6224"}],"wp:attachment":[{"href":"https:\/\/sbdesigner.com.br\/index.php\/wp-json\/wp\/v2\/media?parent=4112"}],"wp:term":[{"taxonomy":"product_brand","embeddable":true,"href":"https:\/\/sbdesigner.com.br\/index.php\/wp-json\/wp\/v2\/product_brand?post=4112"},{"taxonomy":"product_cat","embeddable":true,"href":"https:\/\/sbdesigner.com.br\/index.php\/wp-json\/wp\/v2\/product_cat?post=4112"},{"taxonomy":"product_tag","embeddable":true,"href":"https:\/\/sbdesigner.com.br\/index.php\/wp-json\/wp\/v2\/product_tag?post=4112"}],"curies":[{"name":"wp","href":"https:\/\/api.w.org\/{rel}","templated":true}]}}