{"id":3880,"date":"2021-09-01T20:50:39","date_gmt":"2021-09-01T23:50:39","guid":{"rendered":"https:\/\/sbdesigner.com.br\/?post_type=product&#038;p=3880"},"modified":"2025-04-03T11:50:49","modified_gmt":"2025-04-03T14:50:49","slug":"cardapio-digital","status":"publish","type":"product","link":"https:\/\/sbdesigner.com.br\/index.php\/product\/cardapio-digital\/","title":{"rendered":"Card\u00e1pio Digital"},"content":{"rendered":"<p><strong>PROCESSO DE CRIA\u00c7\u00c3O \u2661<\/strong><\/p>\n<blockquote><p><em><strong>IMPORTANTE:<\/strong> \u00c9 necess\u00e1rio que o cliente possua um logotipo edit\u00e1vel para a cria\u00e7\u00e3o deste produto nos formatos: Illustrator ou EPS. N\u00e3o aceitamos em JPEG (imagem). Caso o cliente n\u00e3o possua um logotipo e tenha interesse em criar um, ele pode ir na categoria de &#8220;Identidade Visual&#8221; do nosso site e conferir os nossos pacotes.<\/em><\/p><\/blockquote>\n<p><strong>Cores:<\/strong> As cores\u00a0 podem variar dependendo do tipo de papel, tela, impressora e computador. N\u00e3o garantimos fideliza\u00e7\u00e3o de cores em hip\u00f3tese alguma. <em><strong>Obs:<\/strong> Todas as informa\u00e7\u00f5es do produto\/servi\u00e7o devem ser enviadas de forma digitada.<\/em><\/p>\n<p><strong>PRAZO \u2661<\/strong><\/p>\n<p>A partir da data agendada, damos um prazo de 7 \u00e0 15 dias \u00fateis para elabora\u00e7\u00e3o da arte. Caso o cliente solicite alguma altera\u00e7\u00e3o, o prazo \u00e9 aumentado.<\/p>\n<p><strong>ENVIO \u2661<\/strong><\/p>\n<p>O arquivo \u00e9 enviado no formato PDF e Ai (Adobe Illustrator) via E-mail. Nenhum produto f\u00edsico.<\/p>\n","protected":false},"excerpt":{"rendered":"<p>PROCESSO DE CRIA\u00c7\u00c3O \u2661 IMPORTANTE: \u00c9 necess\u00e1rio que o cliente possua um logotipo edit\u00e1vel para a cria\u00e7\u00e3o deste produto nos formatos: Illustrator ou EPS. N\u00e3o aceitamos em JPEG (imagem). Caso o cliente n\u00e3o possua um logotipo e tenha interesse em criar um, ele pode ir na categoria de &#8220;Identidade Visual&#8221; do nosso site e conferir [&hellip;]<\/p>\n","protected":false},"featured_media":7428,"template":"","meta":{"site-sidebar-layout":"default","site-content-layout":"default","ast-site-content-layout":"default","site-content-style":"default","site-sidebar-style":"default","ast-global-header-display":"","ast-banner-title-visibility":"","ast-main-header-display":"","ast-hfb-above-header-display":"","ast-hfb-below-header-display":"","ast-hfb-mobile-header-display":"","site-post-title":"","ast-breadcrumbs-content":"","ast-featured-img":"","footer-sml-layout":"","theme-transparent-header-meta":"default","adv-header-id-meta":"","stick-header-meta":"","header-above-stick-meta":"","header-main-stick-meta":"","header-below-stick-meta":"","astra-migrate-meta-layouts":"set","ast-page-background-enabled":"default","ast-page-background-meta":{"desktop":{"background-color":"","background-image":"","background-repeat":"repeat","background-position":"center center","background-size":"auto","background-attachment":"scroll","background-type":"","background-media":"","overlay-type":"","overlay-color":"","overlay-opacity":"","overlay-gradient":""},"tablet":{"background-color":"","background-image":"","background-repeat":"repeat","background-position":"center center","background-size":"auto","background-attachment":"scroll","background-type":"","background-media":"","overlay-type":"","overlay-color":"","overlay-opacity":"","overlay-gradient":""},"mobile":{"background-color":"","background-image":"","background-repeat":"repeat","background-position":"center center","background-size":"auto","background-attachment":"scroll","background-type":"","background-media":"","overlay-type":"","overlay-color":"","overlay-opacity":"","overlay-gradient":""}},"ast-content-background-meta":{"desktop":{"background-color":"var(--ast-global-color-5)","background-image":"","background-repeat":"repeat","background-position":"center center","background-size":"auto","background-attachment":"scroll","background-type":"","background-media":"","overlay-type":"","overlay-color":"","overlay-opacity":"","overlay-gradient":""},"tablet":{"background-color":"var(--ast-global-color-5)","background-image":"","background-repeat":"repeat","background-position":"center center","background-size":"auto","background-attachment":"scroll","background-type":"","background-media":"","overlay-type":"","overlay-color":"","overlay-opacity":"","overlay-gradient":""},"mobile":{"background-color":"var(--ast-global-color-5)","background-image":"","background-repeat":"repeat","background-position":"center center","background-size":"auto","background-attachment":"scroll","background-type":"","background-media":"","overlay-type":"","overlay-color":"","overlay-opacity":"","overlay-gradient":""}}},"product_brand":[],"product_cat":[39],"product_tag":[386,104,105,107,404,405,101,121,106],"class_list":{"0":"post-3880","1":"product","2":"type-product","3":"status-publish","4":"has-post-thumbnail","6":"product_cat-arte-digital","7":"product_tag-arte-de-cardapio","8":"product_tag-arte-digital","9":"product_tag-cardapio","10":"product_tag-cardapio-digital","11":"product_tag-cardapio-doceria","12":"product_tag-cardapio-restaurante","13":"product_tag-cartao-digital","14":"product_tag-doceria","15":"product_tag-menu","16":"product_shipping_class-entrega-fisica-brasil","17":"desktop-align-left","18":"tablet-align-left","19":"mobile-align-left","21":"first","22":"instock","23":"taxable","24":"shipping-taxable","25":"purchasable","26":"product-type-variable"},"_links":{"self":[{"href":"https:\/\/sbdesigner.com.br\/index.php\/wp-json\/wp\/v2\/product\/3880","targetHints":{"allow":["GET"]}}],"collection":[{"href":"https:\/\/sbdesigner.com.br\/index.php\/wp-json\/wp\/v2\/product"}],"about":[{"href":"https:\/\/sbdesigner.com.br\/index.php\/wp-json\/wp\/v2\/types\/product"}],"version-history":[{"count":5,"href":"https:\/\/sbdesigner.com.br\/index.php\/wp-json\/wp\/v2\/product\/3880\/revisions"}],"predecessor-version":[{"id":7431,"href":"https:\/\/sbdesigner.com.br\/index.php\/wp-json\/wp\/v2\/product\/3880\/revisions\/7431"}],"wp:featuredmedia":[{"embeddable":true,"href":"https:\/\/sbdesigner.com.br\/index.php\/wp-json\/wp\/v2\/media\/7428"}],"wp:attachment":[{"href":"https:\/\/sbdesigner.com.br\/index.php\/wp-json\/wp\/v2\/media?parent=3880"}],"wp:term":[{"taxonomy":"product_brand","embeddable":true,"href":"https:\/\/sbdesigner.com.br\/index.php\/wp-json\/wp\/v2\/product_brand?post=3880"},{"taxonomy":"product_cat","embeddable":true,"href":"https:\/\/sbdesigner.com.br\/index.php\/wp-json\/wp\/v2\/product_cat?post=3880"},{"taxonomy":"product_tag","embeddable":true,"href":"https:\/\/sbdesigner.com.br\/index.php\/wp-json\/wp\/v2\/product_tag?post=3880"}],"curies":[{"name":"wp","href":"https:\/\/api.w.org\/{rel}","templated":true}]}}