{"id":3794,"date":"2021-09-01T13:03:39","date_gmt":"2021-09-01T16:03:39","guid":{"rendered":"https:\/\/sbdesigner.com.br\/?post_type=product&#038;p=3794"},"modified":"2025-06-28T21:13:08","modified_gmt":"2025-06-29T00:13:08","slug":"panfleto","status":"publish","type":"product","link":"https:\/\/sbdesigner.com.br\/index.php\/product\/panfleto\/","title":{"rendered":"Panfleto"},"content":{"rendered":"<p><strong>Panfleto<\/strong><\/p>\n<p><strong>DESCRI\u00c7\u00c3O DO PRODUTO \u2661<\/strong><\/p>\n<p>Gramatura 90g<br \/>\nPapel: Couch\u00ea Brilho<br \/>\nTamanho: 10X14cm<br \/>\nCores: 4&#215;0 (frente colorido)<br \/>\nImpress\u00e3o: Apenas Frente<\/p>\n<p>Gramatura 115g<br \/>\nPapel: Couch\u00ea Brilho<br \/>\nTamanho: 10X14,8cm<br \/>\nCores: 4&#215;0 (frente colorido)<br \/>\nImpress\u00e3o: Apenas Frente<\/p>\n<ul>\n<li><strong>Gramatura<\/strong>: \u00c9 a densidade do papel. Quanto menos for a gramatura, mais fino \u00e9, e vice e versa.<\/li>\n<\/ul>\n<p><strong>PROCESSO DE CRIA\u00c7\u00c3O \u2661<\/strong><\/p>\n<blockquote><p><em><strong>IMPORTANTE:<\/strong> Caso seja para inserir o Logotipo, \u00e9 necess\u00e1rio que o cliente possua o logo edit\u00e1vel para a cria\u00e7\u00e3o desse produto nos formatos: Illustrator ou EPS. N\u00e3o aceitamos em JPEG (imagem). Caso o cliente n\u00e3o possua um logotipo e tenha interesse em criar um, ele pode ir na categoria de &#8220;Identidade Visual&#8221; do nosso site e conferir os nossos pacotes.<\/em><\/p><\/blockquote>\n<p><strong>Cores:<\/strong> As cores de impress\u00e3o podem variar dependendo do tipo de papel, impressora e computador. N\u00e3o garantimos fidelidade de cores em nenhuma hip\u00f3tese. Os impressos poder\u00e3o apresentar varia\u00e7\u00e3o de intensidade e tonalidade das cores, em rela\u00e7\u00e3o ao monitor ou \u00e0 prova impressa, bem como em rela\u00e7\u00e3o \u00e0s reimpress\u00f5es.<\/p>\n<p><em><strong>Obs:<\/strong> N\u00e3o \u00e9 poss\u00edvel comprar uma quantidade e dividir ela. Exemplo: Voc\u00ea comprar 100 unidades e fazer 50 de cada arte, o valor estabelecido neste produto \u00e9 referente \u00e0 uma tiragem por arte. Caso voc\u00ea queira 2 artes diferentes \u00e9 necess\u00e1rio comprar 2x unidades, ou seja : 50 e 50.<\/em><\/p>\n<p><strong>PRAZO \u2661<\/strong><\/p>\n<p>4 dias \u00fateis para a elabora\u00e7\u00e3o da arte e envio para o cliente aprovar + 10 \u00e0 15 dias \u00fateis para a produ\u00e7\u00e3o do material (caso tenha altera\u00e7\u00f5es por parte do cliente o prazo pode aumentar) + prazo do transporte para entrega.<\/p>\n","protected":false},"excerpt":{"rendered":"<p>Panfleto DESCRI\u00c7\u00c3O DO PRODUTO \u2661 Gramatura 90g Papel: Couch\u00ea Brilho Tamanho: 10X14cm Cores: 4&#215;0 (frente colorido) Impress\u00e3o: Apenas Frente Gramatura 115g Papel: Couch\u00ea Brilho Tamanho: 10X14,8cm Cores: 4&#215;0 (frente colorido) Impress\u00e3o: Apenas Frente Gramatura: \u00c9 a densidade do papel. Quanto menos for a gramatura, mais fino \u00e9, e vice e versa. PROCESSO DE CRIA\u00c7\u00c3O \u2661 [&hellip;]<\/p>\n","protected":false},"featured_media":4898,"template":"","meta":{"site-sidebar-layout":"default","site-content-layout":"default","ast-site-content-layout":"default","site-content-style":"default","site-sidebar-style":"default","ast-global-header-display":"","ast-banner-title-visibility":"","ast-main-header-display":"","ast-hfb-above-header-display":"","ast-hfb-below-header-display":"","ast-hfb-mobile-header-display":"","site-post-title":"","ast-breadcrumbs-content":"","ast-featured-img":"","footer-sml-layout":"","theme-transparent-header-meta":"default","adv-header-id-meta":"","stick-header-meta":"","header-above-stick-meta":"","header-main-stick-meta":"","header-below-stick-meta":"","astra-migrate-meta-layouts":"set","ast-page-background-enabled":"default","ast-page-background-meta":{"desktop":{"background-color":"","background-image":"","background-repeat":"repeat","background-position":"center center","background-size":"auto","background-attachment":"scroll","background-type":"","background-media":"","overlay-type":"","overlay-color":"","overlay-opacity":"","overlay-gradient":""},"tablet":{"background-color":"","background-image":"","background-repeat":"repeat","background-position":"center center","background-size":"auto","background-attachment":"scroll","background-type":"","background-media":"","overlay-type":"","overlay-color":"","overlay-opacity":"","overlay-gradient":""},"mobile":{"background-color":"","background-image":"","background-repeat":"repeat","background-position":"center center","background-size":"auto","background-attachment":"scroll","background-type":"","background-media":"","overlay-type":"","overlay-color":"","overlay-opacity":"","overlay-gradient":""}},"ast-content-background-meta":{"desktop":{"background-color":"var(--ast-global-color-5)","background-image":"","background-repeat":"repeat","background-position":"center center","background-size":"auto","background-attachment":"scroll","background-type":"","background-media":"","overlay-type":"","overlay-color":"","overlay-opacity":"","overlay-gradient":""},"tablet":{"background-color":"var(--ast-global-color-5)","background-image":"","background-repeat":"repeat","background-position":"center center","background-size":"auto","background-attachment":"scroll","background-type":"","background-media":"","overlay-type":"","overlay-color":"","overlay-opacity":"","overlay-gradient":""},"mobile":{"background-color":"var(--ast-global-color-5)","background-image":"","background-repeat":"repeat","background-position":"center center","background-size":"auto","background-attachment":"scroll","background-type":"","background-media":"","overlay-type":"","overlay-color":"","overlay-opacity":"","overlay-gradient":""}}},"product_brand":[],"product_cat":[37],"product_tag":[80,256,85,50,86],"class_list":{"0":"post-3794","1":"product","2":"type-product","3":"status-publish","4":"has-post-thumbnail","6":"product_cat-papelaria-personalizada","7":"product_tag-cartao-de-agradecimento","8":"product_tag-folder","9":"product_tag-panfleto","10":"product_tag-papelaria-personalizada","11":"product_tag-postal","12":"product_shipping_class-entrega-fisica-brasil","13":"desktop-align-left","14":"tablet-align-left","15":"mobile-align-left","17":"first","18":"instock","19":"taxable","20":"shipping-taxable","21":"purchasable","22":"product-type-variable"},"_links":{"self":[{"href":"https:\/\/sbdesigner.com.br\/index.php\/wp-json\/wp\/v2\/product\/3794","targetHints":{"allow":["GET"]}}],"collection":[{"href":"https:\/\/sbdesigner.com.br\/index.php\/wp-json\/wp\/v2\/product"}],"about":[{"href":"https:\/\/sbdesigner.com.br\/index.php\/wp-json\/wp\/v2\/types\/product"}],"version-history":[{"count":5,"href":"https:\/\/sbdesigner.com.br\/index.php\/wp-json\/wp\/v2\/product\/3794\/revisions"}],"predecessor-version":[{"id":4899,"href":"https:\/\/sbdesigner.com.br\/index.php\/wp-json\/wp\/v2\/product\/3794\/revisions\/4899"}],"wp:featuredmedia":[{"embeddable":true,"href":"https:\/\/sbdesigner.com.br\/index.php\/wp-json\/wp\/v2\/media\/4898"}],"wp:attachment":[{"href":"https:\/\/sbdesigner.com.br\/index.php\/wp-json\/wp\/v2\/media?parent=3794"}],"wp:term":[{"taxonomy":"product_brand","embeddable":true,"href":"https:\/\/sbdesigner.com.br\/index.php\/wp-json\/wp\/v2\/product_brand?post=3794"},{"taxonomy":"product_cat","embeddable":true,"href":"https:\/\/sbdesigner.com.br\/index.php\/wp-json\/wp\/v2\/product_cat?post=3794"},{"taxonomy":"product_tag","embeddable":true,"href":"https:\/\/sbdesigner.com.br\/index.php\/wp-json\/wp\/v2\/product_tag?post=3794"}],"curies":[{"name":"wp","href":"https:\/\/api.w.org\/{rel}","templated":true}]}}