{"id":3217,"date":"2021-08-27T12:40:57","date_gmt":"2021-08-27T15:40:57","guid":{"rendered":"https:\/\/sbdesigner.com.br\/?post_type=product&#038;p=3217"},"modified":"2024-10-30T12:21:47","modified_gmt":"2024-10-30T15:21:47","slug":"adesivo-3x3","status":"publish","type":"product","link":"https:\/\/sbdesigner.com.br\/index.php\/product\/adesivo-3x3\/","title":{"rendered":"Adesivo 3&#215;3"},"content":{"rendered":"<p><strong>DESCRI\u00c7\u00c3O DO PRODUTO \u2661<\/strong><\/p>\n<p>Papel adesivo glossy<br \/>\nCorte: Redondo<br \/>\nTamanho: 3x3cm<\/p>\n<p><strong>PROCESSO DE CRIA\u00c7\u00c3O \u2661<\/strong><\/p>\n<blockquote><p><em><strong>IMPORTANTE:<\/strong> Caso seja para inserir o Logotipo, \u00e9 necess\u00e1rio que o cliente possua o logo edit\u00e1vel para a cria\u00e7\u00e3o desse produto nos formatos: Illustrator ou EPS. N\u00e3o aceitamos em JPEG (imagem). Caso o cliente n\u00e3o possua um logotipo e tenha interesse em criar um, ele pode ir na categoria de &#8220;Identidade Visual&#8221; do nosso site e conferir os nossos pacotes.<\/em><\/p><\/blockquote>\n<p><strong>Cores:<\/strong> As cores de impress\u00e3o podem variar dependendo do tipo de papel, impressora e computador. N\u00e3o garantimos fideliza\u00e7\u00e3o de cores em hip\u00f3tese alguma.<\/p>\n<p><em><strong>Obs:<\/strong> N\u00e3o \u00e9 poss\u00edvel comprar uma quantidade e dividir ela. Exemplo: Voc\u00ea comprar 1.000 adesivos e fazer 500 de cada arte, o valor estabelecido neste produto \u00e9 referente \u00e0 uma tiragem por arte. Caso voc\u00ea queira 2 artes diferentes \u00e9 necess\u00e1rio comprar 2x unidades, ou seja : 500 e 500.<\/em><\/p>\n<p><em><strong>OBSERVA\u00c7\u00d5ES COMPLEMENTARES:<\/strong><\/em> Caso voc\u00ea j\u00e1 possua a arte do impresso e s\u00f3 queira imprimir, \u00e9 necess\u00e1rio enviar o arquivo para o nosso e-mail nos formatos: AI ou EPS (edit\u00e1veis).<\/p>\n<p><strong>PRAZO \u2661<\/strong><\/p>\n<p>At\u00e9 4 dias \u00fateis para a elabora\u00e7\u00e3o da arte e envio para o cliente aprovar + 10 \u00e0 15 dias \u00fateis para a produ\u00e7\u00e3o do material (caso tenha altera\u00e7\u00f5es por parte do cliente o prazo pode aumentar) + prazo do transporte para entrega.<\/p>\n","protected":false},"excerpt":{"rendered":"<p>DESCRI\u00c7\u00c3O DO PRODUTO \u2661 Papel adesivo glossy Corte: Redondo Tamanho: 3x3cm PROCESSO DE CRIA\u00c7\u00c3O \u2661 IMPORTANTE: Caso seja para inserir o Logotipo, \u00e9 necess\u00e1rio que o cliente possua o logo edit\u00e1vel para a cria\u00e7\u00e3o desse produto nos formatos: Illustrator ou EPS. N\u00e3o aceitamos em JPEG (imagem). Caso o cliente n\u00e3o possua um logotipo e tenha [&hellip;]<\/p>\n","protected":false},"featured_media":5679,"template":"","meta":{"site-sidebar-layout":"default","site-content-layout":"default","ast-site-content-layout":"default","site-content-style":"default","site-sidebar-style":"default","ast-global-header-display":"","ast-banner-title-visibility":"","ast-main-header-display":"","ast-hfb-above-header-display":"","ast-hfb-below-header-display":"","ast-hfb-mobile-header-display":"","site-post-title":"","ast-breadcrumbs-content":"","ast-featured-img":"","footer-sml-layout":"","theme-transparent-header-meta":"default","adv-header-id-meta":"","stick-header-meta":"","header-above-stick-meta":"","header-main-stick-meta":"","header-below-stick-meta":"","astra-migrate-meta-layouts":"set","ast-page-background-enabled":"default","ast-page-background-meta":{"desktop":{"background-color":"","background-image":"","background-repeat":"repeat","background-position":"center center","background-size":"auto","background-attachment":"scroll","background-type":"","background-media":"","overlay-type":"","overlay-color":"","overlay-opacity":"","overlay-gradient":""},"tablet":{"background-color":"","background-image":"","background-repeat":"repeat","background-position":"center center","background-size":"auto","background-attachment":"scroll","background-type":"","background-media":"","overlay-type":"","overlay-color":"","overlay-opacity":"","overlay-gradient":""},"mobile":{"background-color":"","background-image":"","background-repeat":"repeat","background-position":"center center","background-size":"auto","background-attachment":"scroll","background-type":"","background-media":"","overlay-type":"","overlay-color":"","overlay-opacity":"","overlay-gradient":""}},"ast-content-background-meta":{"desktop":{"background-color":"var(--ast-global-color-5)","background-image":"","background-repeat":"repeat","background-position":"center center","background-size":"auto","background-attachment":"scroll","background-type":"","background-media":"","overlay-type":"","overlay-color":"","overlay-opacity":"","overlay-gradient":""},"tablet":{"background-color":"var(--ast-global-color-5)","background-image":"","background-repeat":"repeat","background-position":"center center","background-size":"auto","background-attachment":"scroll","background-type":"","background-media":"","overlay-type":"","overlay-color":"","overlay-opacity":"","overlay-gradient":""},"mobile":{"background-color":"var(--ast-global-color-5)","background-image":"","background-repeat":"repeat","background-position":"center center","background-size":"auto","background-attachment":"scroll","background-type":"","background-media":"","overlay-type":"","overlay-color":"","overlay-opacity":"","overlay-gradient":""}}},"product_brand":[],"product_cat":[41,37],"product_tag":[43,258,127,50],"class_list":{"0":"post-3217","1":"product","2":"type-product","3":"status-publish","4":"has-post-thumbnail","6":"product_cat-adesivos","7":"product_cat-papelaria-personalizada","8":"product_tag-adesivo","9":"product_tag-adesivos","10":"product_tag-etiqueta","11":"product_tag-papelaria-personalizada","12":"product_shipping_class-entrega-fisica-brasil","13":"desktop-align-left","14":"tablet-align-left","15":"mobile-align-left","17":"first","18":"instock","19":"taxable","20":"shipping-taxable","21":"purchasable","22":"product-type-variable"},"_links":{"self":[{"href":"https:\/\/sbdesigner.com.br\/index.php\/wp-json\/wp\/v2\/product\/3217","targetHints":{"allow":["GET"]}}],"collection":[{"href":"https:\/\/sbdesigner.com.br\/index.php\/wp-json\/wp\/v2\/product"}],"about":[{"href":"https:\/\/sbdesigner.com.br\/index.php\/wp-json\/wp\/v2\/types\/product"}],"version-history":[{"count":6,"href":"https:\/\/sbdesigner.com.br\/index.php\/wp-json\/wp\/v2\/product\/3217\/revisions"}],"predecessor-version":[{"id":7113,"href":"https:\/\/sbdesigner.com.br\/index.php\/wp-json\/wp\/v2\/product\/3217\/revisions\/7113"}],"wp:featuredmedia":[{"embeddable":true,"href":"https:\/\/sbdesigner.com.br\/index.php\/wp-json\/wp\/v2\/media\/5679"}],"wp:attachment":[{"href":"https:\/\/sbdesigner.com.br\/index.php\/wp-json\/wp\/v2\/media?parent=3217"}],"wp:term":[{"taxonomy":"product_brand","embeddable":true,"href":"https:\/\/sbdesigner.com.br\/index.php\/wp-json\/wp\/v2\/product_brand?post=3217"},{"taxonomy":"product_cat","embeddable":true,"href":"https:\/\/sbdesigner.com.br\/index.php\/wp-json\/wp\/v2\/product_cat?post=3217"},{"taxonomy":"product_tag","embeddable":true,"href":"https:\/\/sbdesigner.com.br\/index.php\/wp-json\/wp\/v2\/product_tag?post=3217"}],"curies":[{"name":"wp","href":"https:\/\/api.w.org\/{rel}","templated":true}]}}